{"id":215496,"date":"2026-04-15T11:11:05","date_gmt":"2026-04-15T10:11:05","guid":{"rendered":"https:\/\/lesfilmsduclan.com\/?page_id=215496"},"modified":"2026-04-15T15:31:58","modified_gmt":"2026-04-15T14:31:58","slug":"labarriere","status":"publish","type":"page","link":"https:\/\/lesfilmsduclan.com\/en\/labarriere\/","title":{"rendered":"LA BARRIERE"},"content":{"rendered":"<p>[et_pb_section fb_built=\u00a0\u00bb1&Prime; _builder_version=\u00a0\u00bb4.7.3&Prime; _module_preset=\u00a0\u00bbdefault\u00a0\u00bb min_height=\u00a0\u00bb611px\u00a0\u00bb custom_padding=\u00a0\u00bb69px||0px|||\u00a0\u00bb da_disable_devices=\u00a0\u00bboff|off|off\u00a0\u00bb da_is_popup=\u00a0\u00bboff\u00a0\u00bb da_exit_intent=\u00a0\u00bboff\u00a0\u00bb da_has_close=\u00a0\u00bbon\u00a0\u00bb da_alt_close=\u00a0\u00bboff\u00a0\u00bb da_dark_close=\u00a0\u00bboff\u00a0\u00bb da_not_modal=\u00a0\u00bbon\u00a0\u00bb da_is_singular=\u00a0\u00bboff\u00a0\u00bb da_with_loader=\u00a0\u00bboff\u00a0\u00bb da_has_shadow=\u00a0\u00bbon\u00a0\u00bb][et_pb_row column_structure=\u00a0\u00bb2_5,3_5&Prime; _builder_version=\u00a0\u00bb4.7.3&Prime; _module_preset=\u00a0\u00bbdefault\u00a0\u00bb min_height=\u00a0\u00bb937px\u00a0\u00bb custom_margin=\u00a0\u00bb0px|auto||auto|false|false\u00a0\u00bb custom_padding=\u00a0\u00bb0px||0px||false|false\u00a0\u00bb][et_pb_column type=\u00a0\u00bb2_5&Prime; _builder_version=\u00a0\u00bb4.7.3&Prime; _module_preset=\u00a0\u00bbdefault\u00a0\u00bb][et_pb_button button_url=\u00a0\u00bbhttps:\/\/lesfilmsduclan.com\u00a0\u00bb button_text=\u00a0\u00bbRetour\u00a0\u00bb _builder_version=\u00a0\u00bb4.9.4&Prime; _module_preset=\u00a0\u00bbdefault\u00a0\u00bb custom_button=\u00a0\u00bbon\u00a0\u00bb button_text_size=\u00a0\u00bb12px\u00a0\u00bb button_text_color=\u00a0\u00bb#cbbb9d\u00a0\u00bb button_bg_color=\u00a0\u00bbrgba(0,0,0,0)\u00a0\u00bb button_border_color=\u00a0\u00bbrgba(0,0,0,0)\u00a0\u00bb button_border_radius=\u00a0\u00bb4px\u00a0\u00bb button_letter_spacing=\u00a0\u00bb0px\u00a0\u00bb button_font=\u00a0\u00bb|600|||||||\u00a0\u00bb button_icon=\u00a0\u00bb%%23%%\u00a0\u00bb button_icon_color=\u00a0\u00bb#cbbb9d\u00a0\u00bb button_icon_placement=\u00a0\u00bbleft\u00a0\u00bb background_layout=\u00a0\u00bbdark\u00a0\u00bb custom_margin=\u00a0\u00bb-40px||-40px||false|false\u00a0\u00bb custom_padding=\u00a0\u00bb||8px|||\u00a0\u00bb button_font_tablet=\u00a0\u00bb\u00a0\u00bb button_font_phone=\u00a0\u00bb\u00a0\u00bb button_font_last_edited=\u00a0\u00bbon|desktop\u00a0\u00bb button_text_color__hover_enabled=\u00a0\u00bboff|desktop\u00a0\u00bb button_bg_color__hover_enabled=\u00a0\u00bbon|desktop\u00a0\u00bb button_bg_color__hover=\u00a0\u00bbrgba(0,0,0,0)\u00a0\u00bb button_bg_enable_color__hover=\u00a0\u00bbon\u00a0\u00bb button_text_size__hover_enabled=\u00a0\u00bbon|desktop\u00a0\u00bb][\/et_pb_button][et_pb_image src=\u00a0\u00bbhttps:\/\/lesfilmsduclan.com\/wp-content\/uploads\/2026\/04\/LA-BARRIERE-AFFICHE-DEFINITIVE.png\u00a0\u00bb alt=\u00a0\u00bbULYSSE DOIT PARTIR\u00a0\u00bb title_text=\u00a0\u00bbLA BARRIERE AFFICHE DEFINITIVE\u00a0\u00bb _builder_version=\u00a0\u00bb4.9.4&Prime; _module_preset=\u00a0\u00bbdefault\u00a0\u00bb min_height_tablet=\u00a0\u00bb\u00a0\u00bb min_height_phone=\u00a0\u00bb\u00a0\u00bb min_height_last_edited=\u00a0\u00bbon|desktop\u00a0\u00bb custom_margin=\u00a0\u00bb64px||||false|false\u00a0\u00bb custom_padding=\u00a0\u00bb0px||||false|false\u00a0\u00bb border_width_all=\u00a0\u00bb1px\u00a0\u00bb border_color_all=\u00a0\u00bb#efefef\u00a0\u00bb][\/et_pb_image][\/et_pb_column][et_pb_column type=\u00a0\u00bb3_5&Prime; _builder_version=\u00a0\u00bb4.7.3&Prime; _module_preset=\u00a0\u00bbdefault\u00a0\u00bb][et_pb_text content_tablet=\u00a0\u00bb\u00a0\u00bb content_phone=\u00a0\u00bb<\/p>\n<table style=%22border: 0px #ffffff; height: 1883px; float: left; width: 340px;%22 border=%220px #ffffff%22 cellspacing=%220%22 cellpadding=%220%22>\n<tbody>\n<tr style=%22border: 0px #ffffff; height: 29px;%22>\n<td style=%22border: 0px #ffffff; width: 340.015625px; height: 29px; text-align: center; vertical-align: top;%22 colspan=%222%22>\n<h1><b>LA BARRI\u00c8RE<\/b><\/h1>\n<\/td>\n<\/tr>\n<tr style=%22border: 0px #ffffff; height: 29px;%22>\n<td style=%22border: 0px #ffffff; width: 340.015625px; height: 29px; text-align: center; vertical-align: top;%22 colspan=%222%22>a film by Christophe Deram<\/td>\n<\/tr>\n<tr style=%22border: 0px #ffffff; height: 29px;%22>\n<td style=%22border: 0px #ffffff; width: 340.015625px; height: 29px; vertical-align: top;%22 colspan=%222%22><\/td>\n<\/tr>\n<tr style=%22border: 0px #ffffff; height: 29px;%22>\n<td style=%22border: 0px #ffffff; width: 340.015625px; height: 29px; text-align: justify; vertical-align: top;%22 colspan=%222%22><span>G\u00e9raldine, une jeune r\u00e9gisseuse de cin\u00e9ma, bloque une route d\u00e9serte pour les besoins d\u2019un tournage \u00e0 c\u00f4t\u00e9 du Calais. Peu de passage, \u00e0 part Amar, un r\u00e9fugi\u00e9 syrien. Encombr\u00e9e de sa barri\u00e8re et de son talkie qui ne cesse de lui hurler des ordres, G\u00e9raldine essaye au mieux d\u2019accomplir sa mission sous l\u2019\u0153il intrigu\u00e9 et amus\u00e9 d\u2019Amar. Cette rencontre inattendue va lier furtivement le destin de ces deux personnes esseul\u00e9es. <\/span><\/td>\n<\/tr>\n<tr style=%22height: 29px;%22>\n<td style=%22border: 0px #ffffff; width: 165.03125px; height: 29px; vertical-align: top;%22><strong>WITH<\/strong><\/td>\n<td style=%22border: 0px #ffffff; width: 174.984375px; height: 29px; vertical-align: top;%22><span>Marie NARBONNE<\/span><br \/><span>Jalal ALTAWIL<\/span><\/td>\n<\/tr>\n<tr style=%22border: 0px #ffffff; height: 29px;%22>\n<td style=%22border: 0px #ffffff; width: 165.03125px; height: 29px; vertical-align: top;%22><strong>SCREENPLAY<\/strong><\/td>\n<td style=%22border: 0px #ffffff; width: 174.984375px; height: 29px; vertical-align: top;%22><span>Christophe DERAM<\/span><\/td>\n<\/tr>\n<tr style=%22border: 0px #ffffff; height: 29px;%22>\n<td style=%22border: 0px #ffffff; width: 165.03125px; height: 29px; vertical-align: top;%22><strong>DoP<\/strong><\/td>\n<td style=%22border: 0px #ffffff; width: 174.984375px; height: 29px; vertical-align: top;%22><span>L\u00e9o ROUSSEL<\/span><\/td>\n<\/tr>\n<tr style=%22border: 0px #ffffff; height: 27px;%22>\n<td style=%22border: 0px #ffffff; width: 165.03125px; height: 27px; vertical-align: top;%22><strong>SOUND<\/strong><\/td>\n<td style=%22border: 0px #ffffff; width: 174.984375px; height: 27px; vertical-align: top;%22><span>Gauthier CAUVIN Simon LEBEL<\/span><\/td>\n<\/tr>\n<tr style=%22border: 0px #ffffff; height: 29px;%22>\n<td style=%22border: 0px #ffffff; width: 165.03125px; height: 29px; vertical-align: top;%22><strong>EDITING<\/strong><\/td>\n<td style=%22border: 0px #ffffff; width: 174.984375px; height: 29px; vertical-align: top;%22><span>Baptiste EVRARD<\/span><\/td>\n<\/tr>\n<tr style=%22border: 0px #ffffff; height: 29px;%22>\n<td style=%22border: 0px #ffffff; width: 165.03125px; height: 29px; vertical-align: top;%22><strong>ORIGINAL SCORE<\/strong><\/td>\n<td style=%22border: 0px #ffffff; width: 174.984375px; height: 29px; vertical-align: top;%22><span>Yannick DONET<\/span><\/td>\n<\/tr>\n<tr style=%22border: 0px #ffffff; height: 53px;%22>\n<td style=%22border: 0px #ffffff; width: 165.03125px; height: 53px; vertical-align: top;%22><strong>PARTNERS<\/strong><\/td>\n<td style=%22border: 0px #ffffff; width: 174.984375px; height: 53px; vertical-align: top;%22><span>En coproduction avec TROPISME<br \/><\/span><span><\/span><span>En coproduction avec Pictanovo avec le soutien de la R\u00e9gion Hauts-de-France<\/span><br \/><span>Avec le soutien du Centre National du Cin\u00e9ma et de l\u2019Image Anim\u00e9e<br \/><\/span><span>Avec la participation du Fonds Images de la Diversit\u00e9 \u2013 Agence Nationale de la Coh\u00e9sion des territoires \u2013 Centre National du Cin\u00e9ma et de l\u2019Image Anim\u00e9e<br \/><\/span><span>Avec la participation du Fresnoy \u2013 Studio national des arts contemporains<\/span><\/td>\n<\/tr>\n<tr style=%22border: 0px #ffffff; height: 29px;%22>\n<td style=%22border: 0px #ffffff; width: 165.03125px; height: 29px; vertical-align: top;%22><strong>LENGHT<\/strong><\/td>\n<td style=%22border: 0px #ffffff; width: 174.984375px; height: 29px; vertical-align: top;%22><span>17 minutes<\/span><\/td>\n<\/tr>\n<tr style=%22border: 0px #ffffff; height: 29px;%22>\n<td style=%22border: 0px #ffffff; width: 165.03125px; height: 29px; vertical-align: top;%22><strong>COMPLETION<\/strong><\/td>\n<td style=%22border: 0px #ffffff; width: 174.984375px; height: 29px; vertical-align: top;%22><span>f\u00e9vrier 2026<\/span><\/td>\n<\/tr>\n<tr style=%22border: 0px #ffffff; height: 29px;%22>\n<td style=%22border: 0px #ffffff; width: 165.03125px; height: 29px; vertical-align: top;%22><strong>VISA<\/strong><\/td>\n<td style=%22border: 0px #ffffff; width: 174.984375px; height: 29px; vertical-align: top;%22><span>161 538<\/span><\/td>\n<\/tr>\n<tr style=%22border: 0px #ffffff; height: 29px;%22>\n<td style=%22border: 0px #ffffff; width: 165.03125px; height: 29px; vertical-align: top;%22><strong>AWARDS AND SELECTIONS<\/strong><\/td>\n<td style=%22border: 0px #ffffff; width: 174.984375px; height: 29px; vertical-align: top;%22><span>Festival international de Lille \u2013 Film d\u2019ouverture Pictanovo<\/span><br \/><span>Festival des 24 courts, en comp\u00e9tition officielle<br \/><\/span><span>Festival cin\u00e9ma Al\u00e8s Itin\u00e9rances, en comp\u00e9tition officielle \u2013 <\/span><strong>Prix sp\u00e9cial du jury, prix du public, prix d\u2019interpr\u00e9tation pour Marie Narbonne<br \/><\/strong><span>Tout Court ! Gisors, en comp\u00e9tition officielle \u2013 <\/span><strong>Prix du Public, Prix des lyc\u00e9ens, Prix des coll\u00e9giens, Coup de c\u0153ur de la ville de Gisors<br \/><\/strong><span>Festival Europ\u00e9en du Court-M\u00e9trage de Bordeaux, en comp\u00e9tition officielle \u2013 <\/span><strong><span>Audience Award<br \/><\/span><\/strong><span>Huesca International Film Festival 2026, en comp\u00e9tition internationale<br \/><\/span><span>San Sebastian Human Rights Film Festival 2026, en comp\u00e9tition officielle<br \/><\/span><span>Festival Courtivore 2026, hors comp\u00e9tition<br \/><\/span><span>Brussel short film festival 2026, en comp\u00e9tition internationale<br \/><\/span><span>Festival International du Film Social 2026, en comp\u00e9tition officielle <br \/><\/span><span>Festival SXSW London 2026, hors comp\u00e9tition<\/span><\/td>\n<\/tr>\n<\/tbody>\n<\/table>\n<p>\u00a0\u00bb content_last_edited=\u00a0\u00bbon|phone\u00a0\u00bb _builder_version=\u00a0\u00bb4.9.4&Prime; _module_preset=\u00a0\u00bbdefault\u00a0\u00bb text_text_color=\u00a0\u00bb#000000&Prime; background_color=\u00a0\u00bbrgba(0,0,0,0)\u00a0\u00bb transform_scale=\u00a0\u00bb96%|96%\u00a0\u00bb width=\u00a0\u00bb100%\u00a0\u00bb min_height=\u00a0\u00bb692px\u00a0\u00bb custom_margin=\u00a0\u00bb-10px||||false|false\u00a0\u00bb custom_margin_tablet=\u00a0\u00bb\u00a0\u00bb custom_margin_phone=\u00a0\u00bb-10px|||-10px|false|false\u00a0\u00bb custom_margin_last_edited=\u00a0\u00bbon|phone\u00a0\u00bb custom_padding=\u00a0\u00bb6px||0px|||\u00a0\u00bb border_color_all=\u00a0\u00bbrgba(0,0,0,0)\u00a0\u00bb border_style_all=\u00a0\u00bbnone\u00a0\u00bb]<\/p>\n<p>,\u00a0<\/p>\n<table style=\"border: 0px #ffffff; height: 486px; float: left; width: 624px;\" border=\"0px #ffffff\" cellspacing=\"0\" cellpadding=\"0\">\n<tbody>\n<tr style=\"border: 0px #ffffff; height: 29px;\">\n<td style=\"border: 0px #ffffff; width: 624px; height: 29px; text-align: center; vertical-align: top;\" colspan=\"2\">\n<h1><b>LA BARRI\u00c8RE<\/b><\/h1>\n<\/td>\n<\/tr>\n<tr style=\"border: 0px #ffffff; height: 29px;\">\n<td style=\"border: 0px #ffffff; width: 624px; height: 29px; text-align: center; vertical-align: top;\" colspan=\"2\">a film by Christophe Deram<\/td>\n<\/tr>\n<tr style=\"border: 0px #ffffff; height: 29px;\">\n<td style=\"border: 0px #ffffff; width: 624px; height: 29px; vertical-align: top;\" colspan=\"2\"><\/td>\n<\/tr>\n<tr style=\"border: 0px #ffffff; height: 29px;\">\n<td style=\"border: 0px #ffffff; width: 624px; height: 29px; text-align: justify; vertical-align: top;\" colspan=\"2\">\n<p><span>G\u00e9raldine, une jeune r\u00e9gisseuse de cin\u00e9ma, bloque une route d\u00e9serte pour les besoins d&rsquo;un tournage \u00e0 c\u00f4t\u00e9 du Calais. Peu de passage, \u00e0 part Amar, un r\u00e9fugi\u00e9 syrien. Encombr\u00e9e de sa barri\u00e8re et de son talkie qui ne cesse de lui hurler des ordres, G\u00e9raldine essaye au mieux d&rsquo;accomplir sa mission sous l&rsquo;\u0153il intrigu\u00e9 et amus\u00e9 d&rsquo;Amar. Cette rencontre inattendue va lier furtivement le destin de ces deux personnes esseul\u00e9es. \u00a0<\/span><\/p>\n<p><span><\/span><\/p>\n<\/td>\n<\/tr>\n<tr style=\"height: 29px;\">\n<td style=\"border: 0px #ffffff; width: 211px; height: 29px; vertical-align: top;\"><strong>WITH<\/strong><\/td>\n<td style=\"border: 0px #ffffff; width: 413px; height: 29px; vertical-align: top;\">\n<p>Marie NARBONNE<br \/>Jalal ALTAWIL<\/p>\n<\/td>\n<\/tr>\n<tr style=\"border: 0px #ffffff; height: 29px;\">\n<td style=\"border: 0px #ffffff; width: 211px; height: 29px; vertical-align: top;\"><strong>SCREENPLAY<\/strong><\/td>\n<td style=\"border: 0px #ffffff; width: 413px; height: 29px; vertical-align: top;\">Christophe DERAM<\/td>\n<\/tr>\n<tr style=\"border: 0px #ffffff; height: 29px;\">\n<td style=\"border: 0px #ffffff; width: 211px; height: 29px; vertical-align: top;\"><strong>DoP<\/strong><\/td>\n<td style=\"border: 0px #ffffff; width: 413px; height: 29px; vertical-align: top;\">L\u00e9o ROUSSEL<\/td>\n<\/tr>\n<tr style=\"border: 0px #ffffff; height: 27px;\">\n<td style=\"border: 0px #ffffff; width: 211px; height: 27px; vertical-align: top;\"><strong>SOUND<\/strong><\/td>\n<td style=\"border: 0px #ffffff; width: 413px; height: 27px; vertical-align: top;\">\n<div><span>Gauthier CAUVIN, Simon LEBEL<\/span><\/div>\n<div><\/div>\n<\/td>\n<\/tr>\n<tr style=\"border: 0px #ffffff; height: 29px;\">\n<td style=\"border: 0px #ffffff; width: 211px; height: 29px; vertical-align: top;\"><strong>EDITING<\/strong><\/td>\n<td style=\"border: 0px #ffffff; width: 413px; height: 29px; vertical-align: top;\">\n<div><span>Baptiste EVRARD<\/span><\/div>\n<div><\/div>\n<\/td>\n<\/tr>\n<tr style=\"border: 0px #ffffff; height: 29px;\">\n<td style=\"border: 0px #ffffff; width: 211px; height: 29px; vertical-align: top;\"><strong>ORIGINAL SCORE<\/strong><\/td>\n<td style=\"border: 0px #ffffff; width: 413px; height: 29px; vertical-align: top;\">\n<div><span>Yannick DONET<\/span><\/div>\n<div><\/div>\n<\/td>\n<\/tr>\n<tr style=\"border: 0px #ffffff; height: 53px;\">\n<td style=\"border: 0px #ffffff; width: 211px; height: 53px; vertical-align: top;\"><strong>PARTNERS<\/strong><\/td>\n<td style=\"border: 0px #ffffff; width: 413px; height: 53px; vertical-align: top;\">\n<p style=\"font-weight: 400;\"><span style=\"font-size: 14px;\">En coproduction avec TROPISME<br \/><\/span><span><\/span>En coproduction avec Pictanovo avec le soutien de la R\u00e9gion Hauts-de-France<br \/><span style=\"font-size: 14px;\">Avec le soutien du Centre National du Cin\u00e9ma et de l&rsquo;Image Anim\u00e9e<br \/><\/span><span style=\"font-size: 14px;\">Avec la participation du Fonds Images de la Diversit\u00e9 &#8211; Agence Nationale de la Coh\u00e9sion des territoires &#8211; Centre National du Cin\u00e9ma et de l&rsquo;Image Anim\u00e9e<br \/><\/span><span style=\"font-size: 14px;\">Avec la participation du Fresnoy &#8211; Studio national des arts contemporains<\/span><\/p>\n<\/td>\n<\/tr>\n<tr style=\"border: 0px #ffffff; height: 29px;\">\n<td style=\"border: 0px #ffffff; width: 211px; height: 29px; vertical-align: top;\"><strong>LENGHT<\/strong><\/td>\n<td style=\"border: 0px #ffffff; width: 413px; height: 29px; vertical-align: top;\">17 minutes<\/td>\n<\/tr>\n<tr style=\"border: 0px #ffffff; height: 29px;\">\n<td style=\"border: 0px #ffffff; width: 211px; height: 29px; vertical-align: top;\"><strong>COMPLETION<\/strong><\/td>\n<td style=\"border: 0px #ffffff; width: 413px; height: 29px; vertical-align: top;\">f\u00e9vrier 2026<\/td>\n<\/tr>\n<tr style=\"border: 0px #ffffff; height: 29px;\">\n<td style=\"border: 0px #ffffff; width: 211px; height: 29px; vertical-align: top;\"><strong>VISA<\/strong><\/td>\n<td style=\"border: 0px #ffffff; width: 413px; height: 29px; vertical-align: top;\">161 538<\/td>\n<\/tr>\n<tr>\n<td style=\"border: 0px #ffffff; width: 211px; vertical-align: top;\"><\/td>\n<td style=\"border: 0px #ffffff; width: 413px; vertical-align: top;\"><\/td>\n<\/tr>\n<tr style=\"border: 0px #ffffff; height: 29px;\">\n<td style=\"border: 0px #ffffff; width: 211px; height: 29px; vertical-align: top;\"><strong>AWARDS AND SELECTIONS<\/strong><\/td>\n<td style=\"border: 0px #ffffff; width: 413px; height: 29px; vertical-align: top;\">\n<p style=\"font-weight: 400; text-align: left;\">Festival international de Lille &#8211; Film d\u2019ouverture Pictanovo<br \/><span style=\"font-size: 14px;\">Festival des 24 courts, en comp\u00e9tition officielle<br \/><\/span><span style=\"font-size: 14px;\">Festival cin\u00e9ma Al\u00e8s Itin\u00e9rances, en comp\u00e9tition officielle &#8211; <\/span><strong style=\"font-size: 14px;\">Prix sp\u00e9cial du jury, prix du public, prix d\u2019interpr\u00e9tation pour Marie Narbonne<br \/><\/strong><span style=\"font-size: 14px;\">Tout Court ! Gisors, en comp\u00e9tition officielle &#8211; <\/span><strong style=\"font-size: 14px;\">Prix du Public, Prix des lyc\u00e9ens, Prix des coll\u00e9giens, Coup de c\u0153ur de la ville de Gisors<br \/><\/strong><span style=\"font-size: 14px;\">Festival Europ\u00e9en du Court-M\u00e9trage de Bordeaux, en comp\u00e9tition officielle &#8211; <\/span><strong><span style=\"font-size: 14px;\">Audience Award<br \/><\/span><\/strong><span style=\"font-size: 14px;\">Huesca International Film Festival 2026, en comp\u00e9tition internationale<br \/><\/span><span style=\"font-size: 14px;\">San Sebastian Human Rights Film Festival 2026, en comp\u00e9tition officielle<br \/><\/span><span style=\"font-size: 14px;\">Festival Courtivore 2026, hors comp\u00e9tition<br \/><\/span><span style=\"font-size: 14px;\">Brussel short film festival 2026, en comp\u00e9tition internationale<br \/><\/span><span style=\"font-size: 14px;\">Festival International du Film Social 2026, en comp\u00e9tition officielle <br \/><\/span><span style=\"font-size: 14px;\">Festival SXSW London 2026, hors comp\u00e9tition<\/span><\/p>\n<p>&nbsp;<\/p>\n<\/td>\n<\/tr>\n<\/tbody>\n<\/table>\n<p>&nbsp;<\/p>\n<p>[\/et_pb_text][\/et_pb_column][\/et_pb_row][\/et_pb_section]<\/p>","protected":false},"excerpt":{"rendered":"<p>[et_pb_section fb_built=\u00a0\u00bb1&Prime; _builder_version=\u00a0\u00bb4.7.3&Prime; _module_preset=\u00a0\u00bbdefault\u00a0\u00bb min_height=\u00a0\u00bb611px\u00a0\u00bb custom_padding=\u00a0\u00bb69px||0px|||\u00a0\u00bb da_disable_devices=\u00a0\u00bboff|off|off\u00a0\u00bb da_is_popup=\u00a0\u00bboff\u00a0\u00bb da_exit_intent=\u00a0\u00bboff\u00a0\u00bb da_has_close=\u00a0\u00bbon\u00a0\u00bb da_alt_close=\u00a0\u00bboff\u00a0\u00bb da_dark_close=\u00a0\u00bboff\u00a0\u00bb da_not_modal=\u00a0\u00bbon\u00a0\u00bb da_is_singular=\u00a0\u00bboff\u00a0\u00bb da_with_loader=\u00a0\u00bboff\u00a0\u00bb da_has_shadow=\u00a0\u00bbon\u00a0\u00bb][et_pb_row column_structure=\u00a0\u00bb2_5,3_5&Prime; _builder_version=\u00a0\u00bb4.7.3&Prime; _module_preset=\u00a0\u00bbdefault\u00a0\u00bb min_height=\u00a0\u00bb937px\u00a0\u00bb custom_margin=\u00a0\u00bb0px|auto||auto|false|false\u00a0\u00bb custom_padding=\u00a0\u00bb0px||0px||false|false\u00a0\u00bb][et_pb_column type=\u00a0\u00bb2_5&Prime; _builder_version=\u00a0\u00bb4.7.3&Prime; _module_preset=\u00a0\u00bbdefault\u00a0\u00bb][et_pb_button button_url=\u00a0\u00bbhttps:\/\/lesfilmsduclan.com\u00a0\u00bb button_text=\u00a0\u00bbRetour\u00a0\u00bb _builder_version=\u00a0\u00bb4.9.4&Prime; _module_preset=\u00a0\u00bbdefault\u00a0\u00bb custom_button=\u00a0\u00bbon\u00a0\u00bb button_text_size=\u00a0\u00bb12px\u00a0\u00bb button_text_color=\u00a0\u00bb#cbbb9d\u00a0\u00bb button_bg_color=\u00a0\u00bbrgba(0,0,0,0)\u00a0\u00bb button_border_color=\u00a0\u00bbrgba(0,0,0,0)\u00a0\u00bb button_border_radius=\u00a0\u00bb4px\u00a0\u00bb button_letter_spacing=\u00a0\u00bb0px\u00a0\u00bb button_font=\u00a0\u00bb|600|||||||\u00a0\u00bb button_icon=\u00a0\u00bb%%23%%\u00a0\u00bb button_icon_color=\u00a0\u00bb#cbbb9d\u00a0\u00bb button_icon_placement=\u00a0\u00bbleft\u00a0\u00bb background_layout=\u00a0\u00bbdark\u00a0\u00bb custom_margin=\u00a0\u00bb-40px||-40px||false|false\u00a0\u00bb custom_padding=\u00a0\u00bb||8px|||\u00a0\u00bb button_font_tablet=\u00a0\u00bb\u00a0\u00bb button_font_phone=\u00a0\u00bb\u00a0\u00bb button_font_last_edited=\u00a0\u00bbon|desktop\u00a0\u00bb button_text_color__hover_enabled=\u00a0\u00bboff|desktop\u00a0\u00bb button_bg_color__hover_enabled=\u00a0\u00bbon|desktop\u00a0\u00bb button_bg_color__hover=\u00a0\u00bbrgba(0,0,0,0)\u00a0\u00bb button_bg_enable_color__hover=\u00a0\u00bbon\u00a0\u00bb button_text_size__hover_enabled=\u00a0\u00bbon|desktop\u00a0\u00bb][\/et_pb_button][et_pb_image src=\u00a0\u00bbhttps:\/\/lesfilmsduclan.com\/wp-content\/uploads\/2026\/04\/LA-BARRIERE-AFFICHE-DEFINITIVE.png\u00a0\u00bb alt=\u00a0\u00bbULYSSE DOIT PARTIR\u00a0\u00bb [&hellip;]<\/p>","protected":false},"author":1,"featured_media":0,"parent":0,"menu_order":0,"comment_status":"closed","ping_status":"closed","template":"","meta":{"_et_pb_use_builder":"on","_et_pb_old_content":"","_et_gb_content_width":""},"yoast_head":"<!-- This site is optimized with the Yoast SEO plugin v16.1.1 - https:\/\/yoast.com\/wordpress\/plugins\/seo\/ -->\n<title>LA BARRIERE - Les films du clan<\/title>\n<link rel=\"canonical\" href=\"https:\/\/lesfilmsduclan.com\/en\/labarriere\/\" \/>\n<meta property=\"og:locale\" content=\"en_GB\" \/>\n<meta property=\"og:type\" content=\"article\" \/>\n<meta property=\"og:title\" content=\"LA BARRIERE - Les films du clan\" \/>\n<meta property=\"og:description\" content=\"[et_pb_section fb_built=\u00a0\u00bb1&Prime; _builder_version=\u00a0\u00bb4.7.3&Prime; _module_preset=\u00a0\u00bbdefault\u00a0\u00bb min_height=\u00a0\u00bb611px\u00a0\u00bb custom_padding=\u00a0\u00bb69px||0px|||\u00a0\u00bb da_disable_devices=\u00a0\u00bboff|off|off\u00a0\u00bb da_is_popup=\u00a0\u00bboff\u00a0\u00bb da_exit_intent=\u00a0\u00bboff\u00a0\u00bb da_has_close=\u00a0\u00bbon\u00a0\u00bb da_alt_close=\u00a0\u00bboff\u00a0\u00bb da_dark_close=\u00a0\u00bboff\u00a0\u00bb da_not_modal=\u00a0\u00bbon\u00a0\u00bb da_is_singular=\u00a0\u00bboff\u00a0\u00bb da_with_loader=\u00a0\u00bboff\u00a0\u00bb da_has_shadow=\u00a0\u00bbon\u00a0\u00bb][et_pb_row column_structure=\u00a0\u00bb2_5,3_5&Prime; _builder_version=\u00a0\u00bb4.7.3&Prime; _module_preset=\u00a0\u00bbdefault\u00a0\u00bb min_height=\u00a0\u00bb937px\u00a0\u00bb custom_margin=\u00a0\u00bb0px|auto||auto|false|false\u00a0\u00bb custom_padding=\u00a0\u00bb0px||0px||false|false\u00a0\u00bb][et_pb_column type=\u00a0\u00bb2_5&Prime; _builder_version=\u00a0\u00bb4.7.3&Prime; _module_preset=\u00a0\u00bbdefault\u00a0\u00bb][et_pb_button button_url=\u00a0\u00bbhttps:\/\/lesfilmsduclan.com\u00a0\u00bb button_text=\u00a0\u00bbRetour\u00a0\u00bb _builder_version=\u00a0\u00bb4.9.4&Prime; _module_preset=\u00a0\u00bbdefault\u00a0\u00bb custom_button=\u00a0\u00bbon\u00a0\u00bb button_text_size=\u00a0\u00bb12px\u00a0\u00bb button_text_color=\u00a0\u00bb#cbbb9d\u00a0\u00bb button_bg_color=\u00a0\u00bbrgba(0,0,0,0)\u00a0\u00bb button_border_color=\u00a0\u00bbrgba(0,0,0,0)\u00a0\u00bb button_border_radius=\u00a0\u00bb4px\u00a0\u00bb button_letter_spacing=\u00a0\u00bb0px\u00a0\u00bb button_font=\u00a0\u00bb|600|||||||\u00a0\u00bb button_icon=\u00a0\u00bb\u00a0\u00bb button_icon_color=\u00a0\u00bb#cbbb9d\u00a0\u00bb button_icon_placement=\u00a0\u00bbleft\u00a0\u00bb background_layout=\u00a0\u00bbdark\u00a0\u00bb custom_margin=\u00a0\u00bb-40px||-40px||false|false\u00a0\u00bb custom_padding=\u00a0\u00bb||8px|||\u00a0\u00bb button_font_tablet=\u00a0\u00bb\u00a0\u00bb button_font_phone=\u00a0\u00bb\u00a0\u00bb button_font_last_edited=\u00a0\u00bbon|desktop\u00a0\u00bb button_text_color__hover_enabled=\u00a0\u00bboff|desktop\u00a0\u00bb button_bg_color__hover_enabled=\u00a0\u00bbon|desktop\u00a0\u00bb button_bg_color__hover=\u00a0\u00bbrgba(0,0,0,0)\u00a0\u00bb button_bg_enable_color__hover=\u00a0\u00bbon\u00a0\u00bb button_text_size__hover_enabled=\u00a0\u00bbon|desktop\u00a0\u00bb][\/et_pb_button][et_pb_image src=\u00a0\u00bbhttps:\/\/lesfilmsduclan.com\/wp-content\/uploads\/2026\/04\/LA-BARRIERE-AFFICHE-DEFINITIVE.png\u00a0\u00bb alt=\u00a0\u00bbULYSSE DOIT PARTIR\u00a0\u00bb [&hellip;]\" \/>\n<meta property=\"og:url\" content=\"https:\/\/lesfilmsduclan.com\/en\/labarriere\/\" \/>\n<meta property=\"og:site_name\" content=\"Les films du clan\" \/>\n<meta property=\"article:modified_time\" content=\"2026-04-15T14:31:58+00:00\" \/>\n<meta name=\"twitter:label1\" content=\"Estimated reading time\">\n\t<meta name=\"twitter:data1\" content=\"5 minutes\">\n<script type=\"application\/ld+json\" class=\"yoast-schema-graph\">{\"@context\":\"https:\/\/schema.org\",\"@graph\":[{\"@type\":\"WebSite\",\"@id\":\"https:\/\/lesfilmsduclan.com\/#website\",\"url\":\"https:\/\/lesfilmsduclan.com\/\",\"name\":\"Les films du clan\",\"description\":\"Les films du clan est une soci\\u00e9t\\u00e9 de production ind\\u00e9pendante cr\\u00e9\\u00e9e en 2010 par Charles Philippe et Lucile Ric\",\"potentialAction\":[{\"@type\":\"SearchAction\",\"target\":\"https:\/\/lesfilmsduclan.com\/?s={search_term_string}\",\"query-input\":\"required name=search_term_string\"}],\"inLanguage\":\"en-GB\"},{\"@type\":\"WebPage\",\"@id\":\"https:\/\/lesfilmsduclan.com\/labarriere\/#webpage\",\"url\":\"https:\/\/lesfilmsduclan.com\/labarriere\/\",\"name\":\"LA BARRIERE - Les films du clan\",\"isPartOf\":{\"@id\":\"https:\/\/lesfilmsduclan.com\/#website\"},\"datePublished\":\"2026-04-15T10:11:05+00:00\",\"dateModified\":\"2026-04-15T14:31:58+00:00\",\"breadcrumb\":{\"@id\":\"https:\/\/lesfilmsduclan.com\/labarriere\/#breadcrumb\"},\"inLanguage\":\"en-GB\",\"potentialAction\":[{\"@type\":\"ReadAction\",\"target\":[\"https:\/\/lesfilmsduclan.com\/labarriere\/\"]}]},{\"@type\":\"BreadcrumbList\",\"@id\":\"https:\/\/lesfilmsduclan.com\/labarriere\/#breadcrumb\",\"itemListElement\":[{\"@type\":\"ListItem\",\"position\":1,\"item\":{\"@type\":\"WebPage\",\"@id\":\"https:\/\/lesfilmsduclan.com\/labarriere\/\",\"url\":\"https:\/\/lesfilmsduclan.com\/labarriere\/\",\"name\":\"LA BARRIERE\"}}]}]}<\/script>\n<!-- \/ Yoast SEO plugin. -->","_links":{"self":[{"href":"https:\/\/lesfilmsduclan.com\/en\/wp-json\/wp\/v2\/pages\/215496"}],"collection":[{"href":"https:\/\/lesfilmsduclan.com\/en\/wp-json\/wp\/v2\/pages"}],"about":[{"href":"https:\/\/lesfilmsduclan.com\/en\/wp-json\/wp\/v2\/types\/page"}],"author":[{"embeddable":true,"href":"https:\/\/lesfilmsduclan.com\/en\/wp-json\/wp\/v2\/users\/1"}],"replies":[{"embeddable":true,"href":"https:\/\/lesfilmsduclan.com\/en\/wp-json\/wp\/v2\/comments?post=215496"}],"version-history":[{"count":7,"href":"https:\/\/lesfilmsduclan.com\/en\/wp-json\/wp\/v2\/pages\/215496\/revisions"}],"predecessor-version":[{"id":215521,"href":"https:\/\/lesfilmsduclan.com\/en\/wp-json\/wp\/v2\/pages\/215496\/revisions\/215521"}],"wp:attachment":[{"href":"https:\/\/lesfilmsduclan.com\/en\/wp-json\/wp\/v2\/media?parent=215496"}],"curies":[{"name":"wp","href":"https:\/\/api.w.org\/{rel}","templated":true}]}}