{"id":214377,"date":"2021-03-22T16:21:07","date_gmt":"2021-03-22T15:21:07","guid":{"rendered":"https:\/\/lesfilmsduclan.com\/?page_id=214377"},"modified":"2021-04-30T14:12:28","modified_gmt":"2021-04-30T13:12:28","slug":"novembre","status":"publish","type":"page","link":"https:\/\/lesfilmsduclan.com\/en\/novembre\/","title":{"rendered":"NOVEMBER"},"content":{"rendered":"<p>[et_pb_section fb_built=\u00a0\u00bb1&Prime; _builder_version=\u00a0\u00bb4.7.3&Prime; _module_preset=\u00a0\u00bbdefault\u00a0\u00bb min_height=\u00a0\u00bb611px\u00a0\u00bb custom_padding=\u00a0\u00bb67px|||||\u00a0\u00bb da_disable_devices=\u00a0\u00bboff|off|off\u00a0\u00bb da_is_popup=\u00a0\u00bboff\u00a0\u00bb da_exit_intent=\u00a0\u00bboff\u00a0\u00bb da_has_close=\u00a0\u00bbon\u00a0\u00bb da_alt_close=\u00a0\u00bboff\u00a0\u00bb da_dark_close=\u00a0\u00bboff\u00a0\u00bb da_not_modal=\u00a0\u00bbon\u00a0\u00bb da_is_singular=\u00a0\u00bboff\u00a0\u00bb da_with_loader=\u00a0\u00bboff\u00a0\u00bb da_has_shadow=\u00a0\u00bbon\u00a0\u00bb][et_pb_row column_structure=\u00a0\u00bb2_5,3_5&Prime; _builder_version=\u00a0\u00bb4.7.3&Prime; _module_preset=\u00a0\u00bbdefault\u00a0\u00bb custom_margin=\u00a0\u00bb-5px|auto||auto||\u00a0\u00bb custom_padding=\u00a0\u00bb17px|||||\u00a0\u00bb][et_pb_column type=\u00a0\u00bb2_5&Prime; _builder_version=\u00a0\u00bb4.7.3&Prime; _module_preset=\u00a0\u00bbdefault\u00a0\u00bb][et_pb_button button_url=\u00a0\u00bbhttps:\/\/lesfilmsduclan.com\u00a0\u00bb button_text=\u00a0\u00bbRetour\u00a0\u00bb _builder_version=\u00a0\u00bb4.9.4&Prime; _module_preset=\u00a0\u00bbdefault\u00a0\u00bb custom_button=\u00a0\u00bbon\u00a0\u00bb button_text_size=\u00a0\u00bb12px\u00a0\u00bb button_text_color=\u00a0\u00bb#cbbb9d\u00a0\u00bb button_bg_color=\u00a0\u00bbrgba(0,0,0,0)\u00a0\u00bb button_border_color=\u00a0\u00bbrgba(0,0,0,0)\u00a0\u00bb button_border_radius=\u00a0\u00bb4px\u00a0\u00bb button_letter_spacing=\u00a0\u00bb0px\u00a0\u00bb button_font=\u00a0\u00bb|600|||||||\u00a0\u00bb button_icon=\u00a0\u00bb%%23%%\u00a0\u00bb button_icon_color=\u00a0\u00bb#cbbb9d\u00a0\u00bb button_icon_placement=\u00a0\u00bbleft\u00a0\u00bb background_layout=\u00a0\u00bbdark\u00a0\u00bb custom_margin=\u00a0\u00bb-55px|||||\u00a0\u00bb custom_padding=\u00a0\u00bb||8px|||\u00a0\u00bb button_font_tablet=\u00a0\u00bb\u00a0\u00bb button_font_phone=\u00a0\u00bb\u00a0\u00bb button_font_last_edited=\u00a0\u00bbon|desktop\u00a0\u00bb button_text_color__hover_enabled=\u00a0\u00bboff|desktop\u00a0\u00bb button_bg_color__hover_enabled=\u00a0\u00bbon|desktop\u00a0\u00bb button_bg_color__hover=\u00a0\u00bbrgba(0,0,0,0)\u00a0\u00bb button_bg_enable_color__hover=\u00a0\u00bbon\u00a0\u00bb button_text_size__hover_enabled=\u00a0\u00bbon|desktop\u00a0\u00bb][\/et_pb_button][et_pb_image src=\u00a0\u00bbhttps:\/\/lesfilmsduclan.com\/wp-content\/uploads\/2021\/01\/affiche_novembre-scaled.jpg\u00a0\u00bb alt=\u00a0\u00bbULYSSE DOIT PARTIR\u00a0\u00bb title_text=\u00a0\u00bbaffiche_novembre\u00a0\u00bb _builder_version=\u00a0\u00bb4.9.4&Prime; _module_preset=\u00a0\u00bbdefault\u00a0\u00bb min_height_tablet=\u00a0\u00bb\u00a0\u00bb min_height_phone=\u00a0\u00bb\u00a0\u00bb min_height_last_edited=\u00a0\u00bbon|desktop\u00a0\u00bb custom_margin=\u00a0\u00bb13px||||false|false\u00a0\u00bb custom_padding=\u00a0\u00bb0px||||false|false\u00a0\u00bb][\/et_pb_image][\/et_pb_column][et_pb_column type=\u00a0\u00bb3_5&Prime; _builder_version=\u00a0\u00bb4.7.3&Prime; _module_preset=\u00a0\u00bbdefault\u00a0\u00bb][et_pb_text content_tablet=\u00a0\u00bb\u00a0\u00bb content_phone=\u00a0\u00bb<\/p>\n<table border=%220px #ffffff%22 cellpadding=%220%22 cellspacing=%220%22 style=%22border: 0px #ffffff; height: 1410px; float: left; width: 321px;%22>\n<tbody>\n<tr style=%22border: 0px #ffffff; height: 29px;%22>\n<td style=%22border: 0px #ffffff; width: 321.015625px; height: 29px; text-align: center;%22 colspan=%222%22>\n<h1><b>NOVEMBER<\/b><\/h1>\n<\/td>\n<\/tr>\n<tr style=%22border: 0px #ffffff; height: 29px;%22>\n<td style=%22border: 0px #ffffff; width: 321.015625px; height: 29px; text-align: center;%22 colspan=%222%22>a film by Ronan Tronchot<\/td>\n<\/tr>\n<tr style=%22border: 0px #ffffff; height: 29px;%22>\n<td style=%22border: 0px #ffffff; width: 321.015625px; height: 29px;%22 colspan=%222%22><\/td>\n<\/tr>\n<tr style=%22border: 0px #ffffff; height: 29px;%22>\n<td style=%22border: 0px #ffffff; width: 321.015625px; height: 29px; text-align: justify;%22 colspan=%222%22>\n<p>This story is about a kite. A kite that flies and dances in the sky. It pulls on the strings trying to break them off so as to fly away freely. This story is about a beach that ends where the sea begins. This story is about Fran\u00e7ois who cannot get over Lea.<\/p>\n<p>\u00a0<\/p>\n<\/td>\n<\/tr>\n<tr border:=%22%22 0px=%22%22 ffffff=%22%22 height:=%22%22 53px=%22%22>\n<td style=%22border: 0px #ffffff; width: 140.203125px; height: 29px; vertical-align: top;%22><strong>WITH<\/strong><\/td>\n<td style=%22border: 0px #ffffff; width: 180.8125px; height: 29px; vertical-align: top;%22>Benjamin BELLECOUR<br \/>Judith DAVIS<br \/>Alice DE LENCQUESAING<br \/>Jules BILAINE-BEAUVERGER<\/td>\n<\/tr>\n<tr style=%22border: 0px #ffffff; height: 29px;%22>\n<td style=%22border: 0px #ffffff; width: 140.203125px; height: 29px;%22><strong>SCREENPLAY<\/strong><\/td>\n<td style=%22border: 0px #ffffff; width: 180.8125px; height: 29px;%22>Ronan TRONCHOT<\/td>\n<\/tr>\n<tr style=%22border: 0px #ffffff; height: 29px;%22>\n<td style=%22border: 0px #ffffff; width: 140.203125px; height: 29px;%22><strong>DoP<\/strong><\/td>\n<td style=%22border: 0px #ffffff; width: 180.8125px; height: 29px;%22>\n<div>Antoine CHEVRIER<\/div>\n<\/td>\n<\/tr>\n<tr style=%22border: 0px #ffffff; height: 27px;%22>\n<td style=%22border: 0px #ffffff; width: 140.203125px; height: 27px; vertical-align: top;%22><strong>SOUND<\/strong><\/td>\n<td style=%22border: 0px #ffffff; width: 180.8125px; height: 27px; vertical-align: top;%22>\n<div>Jean-Barth\u00e9l\u00e9my VELAY, Damien TRONCHOT and Niels BARLETTA<\/div>\n<\/td>\n<\/tr>\n<tr style=%22border: 0px #ffffff; height: 29px;%22>\n<td style=%22border: 0px #ffffff; width: 140.203125px; height: 29px;%22><strong>EDITING<\/strong><\/td>\n<td style=%22border: 0px #ffffff; width: 180.8125px; height: 29px;%22>Ronan TRONCHOT<\/td>\n<\/tr>\n<tr style=%22border: 0px #ffffff; height: 29px;%22>\n<td style=%22border: 0px #ffffff; width: 140.203125px; height: 29px;%22><strong>ORIGINAL SCORE<\/strong><\/td>\n<td style=%22border: 0px #ffffff; width: 180.8125px; height: 29px;%22>Damien TRONCHOT<\/td>\n<\/tr>\n<tr style=%22border: 0px #ffffff; height: 53px;%22>\n<td style=%22border: 0px #ffffff; width: 140.203125px; height: 53px; vertical-align: top;%22><strong>PARTNERS<\/strong><\/td>\n<td style=%22border: 0px #ffffff; width: 180.8125px; height: 53px; vertical-align: top;%22 class=\" translation-block\">With the support of R\u00c9GION BRETAGNE and CONSEIL G\u00c9N\u00c9RAL DU FINIST\u00c8RE in partnership with CNC<br>\nWith the participation of FRANCE TELEVISIONS<br>\nWith the support of ADAMI and FONDATION BEAUMARCHAIS, in coproduction with TVR35, TEBEO and TY TELE<\/td>\n<\/tr>\n<tr style=%22border: 0px #ffffff; height: 29px;%22>\n<td style=%22border: 0px #ffffff; width: 140.203125px; height: 29px;%22><strong>LENGHT<\/strong><\/td>\n<td style=%22border: 0px #ffffff; width: 180.8125px; height: 29px;%22>19 minutes<\/td>\n<\/tr>\n<tr style=%22border: 0px #ffffff; height: 29px;%22>\n<td style=%22border: 0px #ffffff; width: 140.203125px; height: 29px;%22><strong>COMPLETION<\/strong><\/td>\n<td style=%22border: 0px #ffffff; width: 180.8125px; height: 29px;%22>November 2012<\/td>\n<\/tr>\n<tr style=%22border: 0px #ffffff; height: 29px;%22>\n<td style=%22border: 0px #ffffff; width: 140.203125px; height: 29px;%22><strong>VISA<\/strong><\/td>\n<td style=%22border: 0px #ffffff; width: 180.8125px; height: 29px;%22>\n<div>134 945<\/div>\n<\/td>\n<\/tr>\n<tr style=%22border: 0px #ffffff; height: 29px;%22>\n<td style=%22border: 0px #ffffff; width: 140.203125px; height: 29px;%22><strong><b>BROADCASTING<\/b><\/strong><\/td>\n<td style=%22border: 0px #ffffff; width: 180.8125px; height: 29px;%22>\n<div><span lang=%22EN-US%22>France 3 Nord Ouest, TVR35, Be TV<\/span><\/div>\n<\/td>\n<\/tr>\n<tr style=%22border: 0px #ffffff; height: 29px;%22>\n<td style=%22border: 0px #ffffff; width: 140.203125px; height: 29px; vertical-align: top;%22><strong>AWARDS AND SELECTIONS<\/strong><\/td>\n<td style=%22border: 0px #ffffff; width: 180.8125px; height: 29px; vertical-align: top;%22 class=\" translation-block\">Winner screenplay of the 5th Estran competition<br>\nBrest European Short Film Festival 2012, off competition<br>\nBrussels Short Film Festival 2013, International Competition<br>\nFestival Armoricourt 2013, in Competition, Audience Award<br>\nBrie Comte Robert ''Faites des Courts'' Festival 2013, <\/trong>Jury Award<\/strong><br>\nFestival Courts en Betton 2013, off competition<br>\nFestival Bretagne Tout court 2013, off competition<br>\nFestival de cin\u00e9ma de Douarnenez 2013 Grand Cru Bretagne<br>\nFestival Jean Carmet 2013, in competition \u00ab Most Promising \u00bb<br>\nFestival Eurydice 2013 - <strong>Award for Best Actor<\/strong> and <strong>Special<\/strong> Mention<br>\nFestival de Courts M\u00e9trages de la C\u00f4te Bleue, in competition<br>\nHy\u00e8res National Film Festival \u2018\u2018Les Palmiers\u2019\u2019<br>\nClermont-Ferrand International Short film Festival 2014, Adami selection<br>\nFestival des 24 courts, Official Selection, <strong>Jury Award<\/strong><\/td>\n<\/tr>\n<\/tbody>\n<\/table>\n<p>\u00a0\u00bb content_last_edited=\u00a0\u00bbon|phone\u00a0\u00bb _builder_version=\u00a0\u00bb4.9.4&Prime; _module_preset=\u00a0\u00bbdefault\u00a0\u00bb text_text_color=\u00a0\u00bb#000000&Prime; background_color=\u00a0\u00bbrgba(0,0,0,0)\u00a0\u00bb transform_scale=\u00a0\u00bb96%|96%\u00a0\u00bb width=\u00a0\u00bb100%\u00a0\u00bb min_height=\u00a0\u00bb692px\u00a0\u00bb custom_margin=\u00a0\u00bb-21px||||false|false\u00a0\u00bb custom_margin_tablet=\u00a0\u00bb\u00a0\u00bb custom_margin_phone=\u00a0\u00bb-21px|||-10px|false|false\u00a0\u00bb custom_margin_last_edited=\u00a0\u00bbon|phone\u00a0\u00bb custom_padding=\u00a0\u00bb12px||0px|||\u00a0\u00bb hover_enabled=\u00a0\u00bb0&Prime; border_color_all=\u00a0\u00bbrgba(0,0,0,0)\u00a0\u00bb border_style_all=\u00a0\u00bbnone\u00a0\u00bb sticky_enabled=\u00a0\u00bb0&Prime;]<\/p>\n<table border=\"0px #ffffff\" cellpadding=\"0\" cellspacing=\"0\" style=\"border: 0px #ffffff; height: 370px; float: left; width: 625px;\">\n<tbody>\n<tr style=\"border: 0px #ffffff; height: 29px;\">\n<td style=\"border: 0px #ffffff; width: 625.015625px; height: 29px; text-align: center; vertical-align: top;\" colspan=\"2\">\n<h1><b>NOVEMBER<\/b><\/h1>\n<\/td>\n<\/tr>\n<tr style=\"border: 0px #ffffff; height: 29px;\">\n<td style=\"border: 0px #ffffff; width: 625.015625px; height: 29px; text-align: center; vertical-align: top;\" colspan=\"2\">a film by Ronan Tronchot<\/td>\n<\/tr>\n<tr style=\"border: 0px #ffffff; height: 29px;\">\n<td style=\"border: 0px #ffffff; width: 625.015625px; height: 29px; vertical-align: top;\" colspan=\"2\"><\/td>\n<\/tr>\n<tr style=\"border: 0px #ffffff; height: 29px;\">\n<td style=\"border: 0px #ffffff; width: 625.015625px; height: 29px; text-align: justify; vertical-align: top;\" colspan=\"2\">\n<p>This story is about a kite. A kite that flies and dances in the sky. It pulls on the strings trying to break them off so as to fly away freely. This story is about a beach that ends where the sea begins. This story is about Fran\u00e7ois who cannot get over Lea.<\/p>\n<p>&nbsp;<\/p>\n<\/td>\n<\/tr>\n<tr border:=\"\" 0px=\"\" ffffff=\"\" height:=\"\" 53px=\"\">\n<td style=\"border: 0px #ffffff; width: 211.171875px; height: 29px; vertical-align: top;\"><strong>WITH<\/strong><\/td>\n<td style=\"border: 0px #ffffff; width: 413.84375px; height: 29px; vertical-align: top;\">Benjamin BELLECOUR<br \/>Judith DAVIS<br \/>Alice DE LENCQUESAING<br \/>Jules BILAINE-BEAUVERGER<\/td>\n<\/tr>\n<tr style=\"border: 0px #ffffff; height: 29px;\">\n<td style=\"border: 0px #ffffff; width: 209.46875px; height: 29px; vertical-align: top;\"><strong>SCREENPLAY<\/strong><\/td>\n<td style=\"border: 0px #ffffff; width: 410.53125px; height: 29px; vertical-align: top;\">Ronan TRONCHOT<\/td>\n<\/tr>\n<tr style=\"border: 0px #ffffff; height: 29px;\">\n<td style=\"border: 0px #ffffff; width: 209.46875px; height: 29px; vertical-align: top;\"><strong>DoP<\/strong><\/td>\n<td style=\"border: 0px #ffffff; width: 410.53125px; height: 29px; vertical-align: top;\">\n<div>Antoine CHEVRIER<\/div>\n<\/td>\n<\/tr>\n<tr style=\"border: 0px #ffffff; height: 27px;\">\n<td style=\"border: 0px #ffffff; width: 209.46875px; height: 27px; vertical-align: top;\"><strong>SOUND<\/strong><\/td>\n<td style=\"border: 0px #ffffff; width: 410.53125px; height: 27px; vertical-align: top;\">\n<div>Jean-Barth\u00e9l\u00e9my VELAY, Damien TRONCHOT and Niels BARLETTA<\/div>\n<\/td>\n<\/tr>\n<tr style=\"border: 0px #ffffff; height: 29px;\">\n<td style=\"border: 0px #ffffff; width: 209.46875px; height: 29px; vertical-align: top;\"><strong>EDITING<\/strong><\/td>\n<td style=\"border: 0px #ffffff; width: 410.53125px; height: 29px; vertical-align: top;\">Ronan TRONCHOT<\/td>\n<\/tr>\n<tr style=\"border: 0px #ffffff; height: 29px;\">\n<td style=\"border: 0px #ffffff; width: 209.46875px; height: 29px; vertical-align: top;\"><strong>ORIGINAL SCORE<\/strong><\/td>\n<td style=\"border: 0px #ffffff; width: 410.53125px; height: 29px; vertical-align: top;\">Damien TRONCHOT<\/td>\n<\/tr>\n<tr style=\"border: 0px #ffffff; height: 53px;\">\n<td style=\"border: 0px #ffffff; width: 209.46875px; height: 53px; vertical-align: top;\"><strong>PARTNERS<\/strong><\/td>\n<td style=\"border: 0px #ffffff; width: 410.53125px; height: 53px; vertical-align: top;\" class=\" translation-block\">With the support of R\u00c9GION BRETAGNE and CONSEIL G\u00c9N\u00c9RAL DU FINIST\u00c8RE in partnership with CNC<br>\nWith the participation of FRANCE TELEVISIONS<br>\nWith the support of ADAMI and FONDATION BEAUMARCHAIS, in coproduction with TVR35, TEBEO and TY TELE<\/td>\n<\/tr>\n<tr style=\"border: 0px #ffffff; height: 29px;\">\n<td style=\"border: 0px #ffffff; width: 209.46875px; height: 29px; vertical-align: top;\"><strong>LENGHT<\/strong><\/td>\n<td style=\"border: 0px #ffffff; width: 410.53125px; height: 29px; vertical-align: top;\">19 minutes<\/td>\n<\/tr>\n<tr style=\"border: 0px #ffffff; height: 29px;\">\n<td style=\"border: 0px #ffffff; width: 209.46875px; height: 29px; vertical-align: top;\"><strong>COMPLETION<\/strong><\/td>\n<td style=\"border: 0px #ffffff; width: 410.53125px; height: 29px; vertical-align: top;\">November 2012<\/td>\n<\/tr>\n<tr style=\"border: 0px #ffffff; height: 29px;\">\n<td style=\"border: 0px #ffffff; width: 209.46875px; height: 29px; vertical-align: top;\"><strong>VISA<\/strong><\/td>\n<td style=\"border: 0px #ffffff; width: 410.53125px; height: 29px; vertical-align: top;\">\n<div>134 945<\/div>\n<\/td>\n<\/tr>\n<tr style=\"border: 0px #ffffff; height: 29px;\">\n<td style=\"border: 0px #ffffff; width: 209.46875px; height: 29px; vertical-align: top;\"><strong><b>BROADCASTING<\/b><\/strong><\/td>\n<td style=\"border: 0px #ffffff; width: 410.53125px; height: 29px; vertical-align: top;\">\n<div><span lang=\"EN-US\">France 3 Nord Ouest, TVR35, Be TV<\/span><\/div>\n<\/td>\n<\/tr>\n<tr style=\"border: 0px #ffffff; height: 29px;\">\n<td style=\"border: 0px #ffffff; width: 209.46875px; height: 29px; vertical-align: top;\"><strong>AWARDS AND SELECTIONS<\/strong><\/td>\n<td style=\"border: 0px #ffffff; width: 410.53125px; height: 29px; vertical-align: top;\" class=\" translation-block\">Winner screenplay of the 5th Estran competition<br>\nBrest European Short Film Festival 2012, off competition<br>\nBrussels Short Film Festival 2013, International Competition<br>\nFestival Armoricourt 2013, in Competition, Audience Award<br>\nBrie Comte Robert ''Faites des Courts'' Festival 2013, <\/trong>Jury Award<\/strong><br>\nFestival Courts en Betton 2013, off competition<br>\nFestival Bretagne Tout court 2013, off competition<br>\nFestival de cin\u00e9ma de Douarnenez 2013 Grand Cru Bretagne<br>\nFestival Jean Carmet 2013, in competition \u00ab Most Promising \u00bb<br>\nFestival Eurydice 2013 - <strong>Award for Best Actor<\/strong> and <strong>Special<\/strong> Mention<br>\nFestival de Courts M\u00e9trages de la C\u00f4te Bleue, in competition<br>\nHy\u00e8res National Film Festival \u2018\u2018Les Palmiers\u2019\u2019<br>\nClermont-Ferrand International Short film Festival 2014, Adami selection<br>\nFestival des 24 courts, Official Selection, <strong>Jury Award<\/strong><\/td>\n<\/tr>\n<\/tbody>\n<\/table>\n<p>[\/et_pb_text][\/et_pb_column][\/et_pb_row][et_pb_row _builder_version=\u00a0\u00bb4.7.3&Prime; _module_preset=\u00a0\u00bbdefault\u00a0\u00bb][et_pb_column type=\u00a0\u00bb4_4&Prime; _builder_version=\u00a0\u00bb4.7.3&Prime; _module_preset=\u00a0\u00bbdefault\u00a0\u00bb][et_pb_video src=\u00a0\u00bbhttps:\/\/vimeo.com\/ondemand\/novembre\u00a0\u00bb _builder_version=\u00a0\u00bb4.7.3&Prime; _module_preset=\u00a0\u00bbdefault\u00a0\u00bb custom_margin=\u00a0\u00bb-94px|||||\u00a0\u00bb src__hover_enabled=\u00a0\u00bbon|desktop\u00a0\u00bb][\/et_pb_video][\/et_pb_column][\/et_pb_row][\/et_pb_section]<\/p>","protected":false},"excerpt":{"rendered":"<p>[et_pb_section fb_built=\u00a0\u00bb1&Prime; _builder_version=\u00a0\u00bb4.7.3&Prime; _module_preset=\u00a0\u00bbdefault\u00a0\u00bb min_height=\u00a0\u00bb611px\u00a0\u00bb custom_padding=\u00a0\u00bb67px|||||\u00a0\u00bb da_disable_devices=\u00a0\u00bboff|off|off\u00a0\u00bb da_is_popup=\u00a0\u00bboff\u00a0\u00bb da_exit_intent=\u00a0\u00bboff\u00a0\u00bb da_has_close=\u00a0\u00bbon\u00a0\u00bb da_alt_close=\u00a0\u00bboff\u00a0\u00bb da_dark_close=\u00a0\u00bboff\u00a0\u00bb da_not_modal=\u00a0\u00bbon\u00a0\u00bb da_is_singular=\u00a0\u00bboff\u00a0\u00bb da_with_loader=\u00a0\u00bboff\u00a0\u00bb da_has_shadow=\u00a0\u00bbon\u00a0\u00bb][et_pb_row column_structure=\u00a0\u00bb2_5,3_5&Prime; _builder_version=\u00a0\u00bb4.7.3&Prime; _module_preset=\u00a0\u00bbdefault\u00a0\u00bb custom_margin=\u00a0\u00bb-5px|auto||auto||\u00a0\u00bb custom_padding=\u00a0\u00bb17px|||||\u00a0\u00bb][et_pb_column type=\u00a0\u00bb2_5&Prime; _builder_version=\u00a0\u00bb4.7.3&Prime; _module_preset=\u00a0\u00bbdefault\u00a0\u00bb][et_pb_button button_url=\u00a0\u00bbhttps:\/\/lesfilmsduclan.com\u00a0\u00bb button_text=\u00a0\u00bbRetour\u00a0\u00bb _builder_version=\u00a0\u00bb4.9.4&Prime; _module_preset=\u00a0\u00bbdefault\u00a0\u00bb custom_button=\u00a0\u00bbon\u00a0\u00bb button_text_size=\u00a0\u00bb12px\u00a0\u00bb button_text_color=\u00a0\u00bb#cbbb9d\u00a0\u00bb button_bg_color=\u00a0\u00bbrgba(0,0,0,0)\u00a0\u00bb button_border_color=\u00a0\u00bbrgba(0,0,0,0)\u00a0\u00bb button_border_radius=\u00a0\u00bb4px\u00a0\u00bb button_letter_spacing=\u00a0\u00bb0px\u00a0\u00bb button_font=\u00a0\u00bb|600|||||||\u00a0\u00bb button_icon=\u00a0\u00bb%%23%%\u00a0\u00bb button_icon_color=\u00a0\u00bb#cbbb9d\u00a0\u00bb button_icon_placement=\u00a0\u00bbleft\u00a0\u00bb background_layout=\u00a0\u00bbdark\u00a0\u00bb custom_margin=\u00a0\u00bb-55px|||||\u00a0\u00bb custom_padding=\u00a0\u00bb||8px|||\u00a0\u00bb button_font_tablet=\u00a0\u00bb\u00a0\u00bb button_font_phone=\u00a0\u00bb\u00a0\u00bb button_font_last_edited=\u00a0\u00bbon|desktop\u00a0\u00bb button_text_color__hover_enabled=\u00a0\u00bboff|desktop\u00a0\u00bb button_bg_color__hover_enabled=\u00a0\u00bbon|desktop\u00a0\u00bb button_bg_color__hover=\u00a0\u00bbrgba(0,0,0,0)\u00a0\u00bb button_bg_enable_color__hover=\u00a0\u00bbon\u00a0\u00bb button_text_size__hover_enabled=\u00a0\u00bbon|desktop\u00a0\u00bb][\/et_pb_button][et_pb_image src=\u00a0\u00bbhttps:\/\/lesfilmsduclan.com\/wp-content\/uploads\/2021\/01\/affiche_novembre-scaled.jpg\u00a0\u00bb alt=\u00a0\u00bbULYSSE DOIT PARTIR\u00a0\u00bb title_text=\u00a0\u00bbaffiche_novembre\u00a0\u00bb [&hellip;]<\/p>","protected":false},"author":1,"featured_media":0,"parent":0,"menu_order":0,"comment_status":"closed","ping_status":"closed","template":"","meta":{"_et_pb_use_builder":"on","_et_pb_old_content":"","_et_gb_content_width":""},"yoast_head":"<!-- This site is optimized with the Yoast SEO plugin v16.1.1 - https:\/\/yoast.com\/wordpress\/plugins\/seo\/ -->\n<title>NOVEMBRE - Les films du clan<\/title>\n<meta name=\"description\" content=\"C\u2019est l\u2019histoire d\u2019un cerf-volant. Un cerf-volant qui vole et danse dans le ciel. Il tire sur ses fils en essayant de les rompre pour pouvoir enfin s\u2019envoler en toute libert\u00e9. C\u2019est l\u2019histoire d\u2019une plage qui s\u2019arr\u00eate et d\u2019une mer qui commence. C\u2019est l\u2019histoire de Fran\u00e7ois qui n\u2019arrive pas \u00e0 oublier L\u00e9a.\" \/>\n<link rel=\"canonical\" href=\"https:\/\/lesfilmsduclan.com\/en\/novembre\/\" \/>\n<meta property=\"og:locale\" content=\"en_GB\" \/>\n<meta property=\"og:type\" content=\"article\" \/>\n<meta property=\"og:title\" content=\"NOVEMBRE - Les films du clan\" \/>\n<meta property=\"og:description\" content=\"C\u2019est l\u2019histoire d\u2019un cerf-volant. Un cerf-volant qui vole et danse dans le ciel. Il tire sur ses fils en essayant de les rompre pour pouvoir enfin s\u2019envoler en toute libert\u00e9. C\u2019est l\u2019histoire d\u2019une plage qui s\u2019arr\u00eate et d\u2019une mer qui commence. C\u2019est l\u2019histoire de Fran\u00e7ois qui n\u2019arrive pas \u00e0 oublier L\u00e9a.\" \/>\n<meta property=\"og:url\" content=\"https:\/\/lesfilmsduclan.com\/en\/novembre\/\" \/>\n<meta property=\"og:site_name\" content=\"Les films du clan\" \/>\n<meta property=\"article:modified_time\" content=\"2021-04-30T13:12:28+00:00\" \/>\n<meta name=\"twitter:label1\" content=\"Estimated reading time\">\n\t<meta name=\"twitter:data1\" content=\"5 minutes\">\n<script type=\"application\/ld+json\" class=\"yoast-schema-graph\">{\"@context\":\"https:\/\/schema.org\",\"@graph\":[{\"@type\":\"WebSite\",\"@id\":\"https:\/\/lesfilmsduclan.com\/#website\",\"url\":\"https:\/\/lesfilmsduclan.com\/\",\"name\":\"Les films du clan\",\"description\":\"Les films du clan est une soci\\u00e9t\\u00e9 de production ind\\u00e9pendante cr\\u00e9\\u00e9e en 2010 par Charles Philippe et Lucile Ric\",\"potentialAction\":[{\"@type\":\"SearchAction\",\"target\":\"https:\/\/lesfilmsduclan.com\/?s={search_term_string}\",\"query-input\":\"required name=search_term_string\"}],\"inLanguage\":\"en-GB\"},{\"@type\":\"WebPage\",\"@id\":\"https:\/\/lesfilmsduclan.com\/novembre\/#webpage\",\"url\":\"https:\/\/lesfilmsduclan.com\/novembre\/\",\"name\":\"NOVEMBRE - Les films du clan\",\"isPartOf\":{\"@id\":\"https:\/\/lesfilmsduclan.com\/#website\"},\"datePublished\":\"2021-03-22T15:21:07+00:00\",\"dateModified\":\"2021-04-30T13:12:28+00:00\",\"description\":\"C\\u2019est l\\u2019histoire d\\u2019un cerf-volant. Un cerf-volant qui vole et danse dans le ciel. Il tire sur ses fils en essayant de les rompre pour pouvoir enfin s\\u2019envoler en toute libert\\u00e9. C\\u2019est l\\u2019histoire d\\u2019une plage qui s\\u2019arr\\u00eate et d\\u2019une mer qui commence. C\\u2019est l\\u2019histoire de Fran\\u00e7ois qui n\\u2019arrive pas \\u00e0 oublier L\\u00e9a.\",\"breadcrumb\":{\"@id\":\"https:\/\/lesfilmsduclan.com\/novembre\/#breadcrumb\"},\"inLanguage\":\"en-GB\",\"potentialAction\":[{\"@type\":\"ReadAction\",\"target\":[\"https:\/\/lesfilmsduclan.com\/novembre\/\"]}]},{\"@type\":\"BreadcrumbList\",\"@id\":\"https:\/\/lesfilmsduclan.com\/novembre\/#breadcrumb\",\"itemListElement\":[{\"@type\":\"ListItem\",\"position\":1,\"item\":{\"@type\":\"WebPage\",\"@id\":\"https:\/\/lesfilmsduclan.com\/novembre\/\",\"url\":\"https:\/\/lesfilmsduclan.com\/novembre\/\",\"name\":\"NOVEMBRE\"}}]}]}<\/script>\n<!-- \/ Yoast SEO plugin. -->","_links":{"self":[{"href":"https:\/\/lesfilmsduclan.com\/en\/wp-json\/wp\/v2\/pages\/214377"}],"collection":[{"href":"https:\/\/lesfilmsduclan.com\/en\/wp-json\/wp\/v2\/pages"}],"about":[{"href":"https:\/\/lesfilmsduclan.com\/en\/wp-json\/wp\/v2\/types\/page"}],"author":[{"embeddable":true,"href":"https:\/\/lesfilmsduclan.com\/en\/wp-json\/wp\/v2\/users\/1"}],"replies":[{"embeddable":true,"href":"https:\/\/lesfilmsduclan.com\/en\/wp-json\/wp\/v2\/comments?post=214377"}],"version-history":[{"count":15,"href":"https:\/\/lesfilmsduclan.com\/en\/wp-json\/wp\/v2\/pages\/214377\/revisions"}],"predecessor-version":[{"id":215102,"href":"https:\/\/lesfilmsduclan.com\/en\/wp-json\/wp\/v2\/pages\/214377\/revisions\/215102"}],"wp:attachment":[{"href":"https:\/\/lesfilmsduclan.com\/en\/wp-json\/wp\/v2\/media?parent=214377"}],"curies":[{"name":"wp","href":"https:\/\/api.w.org\/{rel}","templated":true}]}}