{"id":214342,"date":"2021-03-22T15:13:33","date_gmt":"2021-03-22T14:13:33","guid":{"rendered":"https:\/\/lesfilmsduclan.com\/?page_id=214342"},"modified":"2021-04-30T14:35:00","modified_gmt":"2021-04-30T13:35:00","slug":"les-guerriers","status":"publish","type":"page","link":"https:\/\/lesfilmsduclan.com\/en\/les-guerriers\/","title":{"rendered":"WARRIORS"},"content":{"rendered":"<p>[et_pb_section fb_built=\u00a0\u00bb1&Prime; _builder_version=\u00a0\u00bb4.7.3&Prime; _module_preset=\u00a0\u00bbdefault\u00a0\u00bb min_height=\u00a0\u00bb611px\u00a0\u00bb custom_padding=\u00a0\u00bb72px|||||\u00a0\u00bb da_disable_devices=\u00a0\u00bboff|off|off\u00a0\u00bb da_is_popup=\u00a0\u00bboff\u00a0\u00bb da_exit_intent=\u00a0\u00bboff\u00a0\u00bb da_has_close=\u00a0\u00bbon\u00a0\u00bb da_alt_close=\u00a0\u00bboff\u00a0\u00bb da_dark_close=\u00a0\u00bboff\u00a0\u00bb da_not_modal=\u00a0\u00bbon\u00a0\u00bb da_is_singular=\u00a0\u00bboff\u00a0\u00bb da_with_loader=\u00a0\u00bboff\u00a0\u00bb da_has_shadow=\u00a0\u00bbon\u00a0\u00bb][et_pb_row column_structure=\u00a0\u00bb2_5,3_5&Prime; _builder_version=\u00a0\u00bb4.7.3&Prime; _module_preset=\u00a0\u00bbdefault\u00a0\u00bb custom_margin=\u00a0\u00bb-5px|auto||auto||\u00a0\u00bb custom_padding=\u00a0\u00bb17px|||||\u00a0\u00bb][et_pb_column type=\u00a0\u00bb2_5&Prime; _builder_version=\u00a0\u00bb4.7.3&Prime; _module_preset=\u00a0\u00bbdefault\u00a0\u00bb][et_pb_button button_url=\u00a0\u00bbhttps:\/\/lesfilmsduclan.com\u00a0\u00bb button_text=\u00a0\u00bbRetour\u00a0\u00bb _builder_version=\u00a0\u00bb4.9.4&Prime; _module_preset=\u00a0\u00bbdefault\u00a0\u00bb custom_button=\u00a0\u00bbon\u00a0\u00bb button_text_size=\u00a0\u00bb12px\u00a0\u00bb button_text_color=\u00a0\u00bb#cbbb9d\u00a0\u00bb button_bg_color=\u00a0\u00bbrgba(0,0,0,0)\u00a0\u00bb button_border_color=\u00a0\u00bbrgba(0,0,0,0)\u00a0\u00bb button_border_radius=\u00a0\u00bb4px\u00a0\u00bb button_letter_spacing=\u00a0\u00bb0px\u00a0\u00bb button_font=\u00a0\u00bb|600|||||||\u00a0\u00bb button_icon=\u00a0\u00bb%%23%%\u00a0\u00bb button_icon_color=\u00a0\u00bb#cbbb9d\u00a0\u00bb button_icon_placement=\u00a0\u00bbleft\u00a0\u00bb background_layout=\u00a0\u00bbdark\u00a0\u00bb custom_margin=\u00a0\u00bb-55px|||||\u00a0\u00bb custom_padding=\u00a0\u00bb||8px|||\u00a0\u00bb button_font_tablet=\u00a0\u00bb\u00a0\u00bb button_font_phone=\u00a0\u00bb\u00a0\u00bb button_font_last_edited=\u00a0\u00bbon|desktop\u00a0\u00bb button_text_color__hover_enabled=\u00a0\u00bboff|desktop\u00a0\u00bb button_bg_color__hover_enabled=\u00a0\u00bbon|desktop\u00a0\u00bb button_bg_color__hover=\u00a0\u00bbrgba(0,0,0,0)\u00a0\u00bb button_bg_enable_color__hover=\u00a0\u00bbon\u00a0\u00bb button_text_size__hover_enabled=\u00a0\u00bbon|desktop\u00a0\u00bb][\/et_pb_button][et_pb_image src=\u00a0\u00bbhttps:\/\/lesfilmsduclan.com\/wp-content\/uploads\/2021\/01\/AFFICHE-LES-GUERRIERS.jpg\u00a0\u00bb alt=\u00a0\u00bbULYSSE DOIT PARTIR\u00a0\u00bb title_text=\u00a0\u00bbAFFICHE LES GUERRIERS\u00a0\u00bb _builder_version=\u00a0\u00bb4.9.4&Prime; _module_preset=\u00a0\u00bbdefault\u00a0\u00bb min_height_tablet=\u00a0\u00bb\u00a0\u00bb min_height_phone=\u00a0\u00bb\u00a0\u00bb min_height_last_edited=\u00a0\u00bbon|desktop\u00a0\u00bb custom_margin=\u00a0\u00bb-14px||||false|false\u00a0\u00bb custom_padding=\u00a0\u00bb0px|||||\u00a0\u00bb][\/et_pb_image][\/et_pb_column][et_pb_column type=\u00a0\u00bb3_5&Prime; _builder_version=\u00a0\u00bb4.7.3&Prime; _module_preset=\u00a0\u00bbdefault\u00a0\u00bb][et_pb_text content_tablet=\u00a0\u00bb\u00a0\u00bb content_phone=\u00a0\u00bb<\/p>\n<table border=%220px #ffffff%22 cellpadding=%220%22 cellspacing=%220%22 style=%22border: 0px #ffffff; height: 980px; float: left; width: 321px;%22>\n<tbody>\n<tr style=%22border: 0px #ffffff; height: 29px;%22>\n<td style=%22border: 0px #ffffff; width: 321.015625px; height: 29px; text-align: center;%22 colspan=%222%22>\n<h1><b>WARRIORS<\/b><\/h1>\n<\/td>\n<\/tr>\n<tr style=%22border: 0px #ffffff; height: 29px;%22>\n<td style=%22border: 0px #ffffff; width: 321.015625px; height: 29px; text-align: center;%22 colspan=%222%22>a film by Maxime Caperan<\/td>\n<\/tr>\n<tr style=%22border: 0px #ffffff; height: 29px;%22>\n<td style=%22border: 0px #ffffff; width: 321.015625px; height: 29px;%22 colspan=%222%22><\/td>\n<\/tr>\n<tr style=%22border: 0px #ffffff; height: 29px;%22>\n<td style=%22border: 0px #ffffff; width: 321.015625px; height: 29px; text-align: justify;%22 colspan=%222%22>\n<p>Plagued by his own desires and frustration, Thomas, sixteen, is struggling to build up his personality. So much that it soon becomes impossible for him to contain the silent rage that inhabits him. But far from destroying him, anger is the first step he takes towards freedom.<\/p>\n<p>\u00a0<\/p>\n<\/td>\n<\/tr>\n<tr border:=%22%22 0px=%22%22 ffffff=%22%22 height:=%22%22 53px=%22%22 style=%22height: 29px;%22>\n<td style=%22border: 0px #ffffff; width: 142.484375px; height: 29px; vertical-align: top;%22><strong>WITH<\/strong><\/td>\n<td style=%22border: 0px #ffffff; width: 178.53125px; height: 29px; vertical-align: top;%22>Kacey MOTTET-KLEIN<br \/>Constantin VIDAL<br \/>Audrey BASTIEN<\/td>\n<\/tr>\n<tr style=%22border: 0px #ffffff; height: 29px;%22>\n<td style=%22border: 0px #ffffff; width: 142.484375px; height: 29px;%22><strong>SCREENPLAY<\/strong><\/td>\n<td style=%22border: 0px #ffffff; width: 178.53125px; height: 29px;%22>Maxime CAPERAN and Thomas FINKIELKRAUT<\/td>\n<\/tr>\n<tr style=%22border: 0px #ffffff; height: 29px;%22>\n<td style=%22border: 0px #ffffff; width: 142.484375px; height: 29px;%22><strong>DoP<\/strong><\/td>\n<td style=%22border: 0px #ffffff; width: 178.53125px; height: 29px;%22>\n<div><span lang=%22EN-US%22>Eva S\u00c9HET<\/span><\/div>\n<\/td>\n<\/tr>\n<tr style=%22border: 0px #ffffff; height: 27px;%22>\n<td style=%22border: 0px #ffffff; width: 142.484375px; height: 27px;%22><strong>SOUND<\/strong><\/td>\n<td style=%22border: 0px #ffffff; width: 178.53125px; height: 27px;%22>\n<div>Olivier VOISIN, Cl\u00e9ment DECAUDIN and Paul JOUSSELIN<\/div>\n<\/td>\n<\/tr>\n<tr style=%22border: 0px #ffffff; height: 29px;%22>\n<td style=%22border: 0px #ffffff; width: 142.484375px; height: 29px;%22><strong>EDITING<\/strong><\/td>\n<td style=%22border: 0px #ffffff; width: 178.53125px; height: 29px;%22>\n<div>Alexandre DONOT<\/div>\n<\/td>\n<\/tr>\n<tr style=%22border: 0px #ffffff; height: 29px;%22>\n<td style=%22border: 0px #ffffff; width: 142.484375px; height: 29px;%22><strong>ORIGINAL SCORE<\/strong><\/td>\n<td style=%22border: 0px #ffffff; width: 178.53125px; height: 29px;%22>\n<div>Florent PARIS<\/div>\n<\/td>\n<\/tr>\n<tr style=%22border: 0px #ffffff; height: 53px;%22>\n<td style=%22border: 0px #ffffff; width: 142.484375px; height: 53px; vertical-align: top;%22><strong>PARTNERS<\/strong><\/td>\n<td style=%22border: 0px #ffffff; width: 178.53125px; height: 53px; vertical-align: top;%22>\n<div>With the support of R\u00c9GION BRETAGNE, and D\u00c9PARTEMENT FINIST\u00c8RE in partnership with CNC<\/div>\n<\/td>\n<\/tr>\n<tr style=%22border: 0px #ffffff; height: 29px;%22>\n<td style=%22border: 0px #ffffff; width: 142.484375px; height: 29px;%22><strong>LENGHT<\/strong><\/td>\n<td style=%22border: 0px #ffffff; width: 178.53125px; height: 29px;%22>24 minutes<\/td>\n<\/tr>\n<tr style=%22border: 0px #ffffff; height: 29px;%22>\n<td style=%22border: 0px #ffffff; width: 142.484375px; height: 29px;%22><strong>COMPLETION<\/strong><\/td>\n<td style=%22border: 0px #ffffff; width: 178.53125px; height: 29px;%22>May 2015<\/td>\n<\/tr>\n<tr style=%22border: 0px #ffffff; height: 29px;%22>\n<td style=%22border: 0px #ffffff; width: 142.484375px; height: 29px;%22><strong>VISA<\/strong><\/td>\n<td style=%22border: 0px #ffffff; width: 178.53125px; height: 29px;%22>\n<div>141 937<\/div>\n<\/td>\n<\/tr>\n<tr style=%22border: 0px #ffffff; height: 29px;%22>\n<td style=%22border: 0px #ffffff; width: 142.484375px; height: 29px;%22><strong>BROADCASTING<\/strong><\/td>\n<td style=%22border: 0px #ffffff; width: 178.53125px; height: 29px;%22>\n<div>KuB, Bref cin\u00e9ma, Shorts TV<\/div>\n<\/td>\n<\/tr>\n<tr style=%22border: 0px #ffffff; height: 29px;%22>\n<td style=%22border: 0px #ffffff; width: 142.484375px; height: 29px; vertical-align: top;%22><strong>AWARDS AND SELECTIONS<\/strong><\/td>\n<td style=%22border: 0px #ffffff; width: 178.53125px; height: 29px; vertical-align: top;%22>\n<div class=\" translation-block\">Brest European Short Film Festival, Made in Breizh selection<br>\nCombat International Short Movie Festival<br>\nFestival du Cin\u00e9ma Europ\u00e9en de Lille, in competition<br>\nScreening at La Cin\u00e9math\u00e8que Fran\u00e7aise during the nights \u201cAujourd\u2019hui le cinema\u201d<br>\nFestival du Film de L\u2019Ouest, <b>Special Jury's mention<\/b><br>\nFestival Partie(s) de Campagne, French-speaking Competition<br>\nFestival de cin\u00e9ma de Douarnenez, Grand Cru Bretagne 2016<br>\nFestival de court-m\u00e9trages de Manlleu, Official selection<\/div>\n<\/td>\n<\/tr>\n<\/tbody>\n<\/table>\n<p><em><strong>       <\/strong><\/em><\/p>\n<p>\u00a0\u00bb content_last_edited=\u00a0\u00bbon|phone\u00a0\u00bb _builder_version=\u00a0\u00bb4.9.4&Prime; _module_preset=\u00a0\u00bbdefault\u00a0\u00bb text_text_color=\u00a0\u00bb#000000&Prime; background_color=\u00a0\u00bbrgba(0,0,0,0)\u00a0\u00bb transform_scale=\u00a0\u00bb96%|96%\u00a0\u00bb width=\u00a0\u00bb100%\u00a0\u00bb min_height=\u00a0\u00bb692px\u00a0\u00bb custom_margin=\u00a0\u00bb-35px||||false|false\u00a0\u00bb custom_margin_tablet=\u00a0\u00bb\u00a0\u00bb custom_margin_phone=\u00a0\u00bb-35px|||-10px|false|false\u00a0\u00bb custom_margin_last_edited=\u00a0\u00bbon|phone\u00a0\u00bb custom_padding=\u00a0\u00bb0px||0px|||\u00a0\u00bb hover_enabled=\u00a0\u00bb0&Prime; border_color_all=\u00a0\u00bbrgba(0,0,0,0)\u00a0\u00bb border_style_all=\u00a0\u00bbnone\u00a0\u00bb sticky_enabled=\u00a0\u00bb0&Prime;]<\/p>\n<table style=\"border: 0px #ffffff; height: 370px; float: left; width: 625px;\" border=\"0px #ffffff\" cellspacing=\"0\" cellpadding=\"0\">\n<tbody>\n<tr style=\"border: 0px #ffffff; height: 29px;\">\n<td style=\"border: 0px #ffffff; width: 625.015625px; height: 29px; text-align: center; vertical-align: top;\" colspan=\"2\">\n<h1><b>WARRIORS<\/b><\/h1>\n<\/td>\n<\/tr>\n<tr style=\"border: 0px #ffffff; height: 29px;\">\n<td style=\"border: 0px #ffffff; width: 625.015625px; height: 29px; text-align: center; vertical-align: top;\" colspan=\"2\">a film by Maxime Caperan<\/td>\n<\/tr>\n<tr style=\"border: 0px #ffffff; height: 29px;\">\n<td style=\"border: 0px #ffffff; width: 625.015625px; height: 29px; vertical-align: top;\" colspan=\"2\">\u00a0<\/td>\n<\/tr>\n<tr style=\"border: 0px #ffffff; height: 29px;\">\n<td style=\"border: 0px #ffffff; width: 625.015625px; height: 29px; text-align: justify; vertical-align: top;\" colspan=\"2\">\n<p>Plagued by his own desires and frustration, Thomas, sixteen, is struggling to build up his personality. So much that it soon becomes impossible for him to contain the silent rage that inhabits him. But far from destroying him, anger is the first step he takes towards freedom.<\/p>\n<p>&nbsp;<\/p>\n<\/td>\n<\/tr>\n<tr>\n<td style=\"border: 0px #ffffff; width: 211.171875px; height: 29px; vertical-align: top;\"><strong>WITH<\/strong><\/td>\n<td style=\"border: 0px #ffffff; width: 413.84375px; height: 29px; vertical-align: top;\">Kacey MOTTET-KLEIN<br \/>Constantin VIDAL<br \/>Audrey BASTIEN<\/td>\n<\/tr>\n<tr style=\"border: 0px #ffffff; height: 29px;\">\n<td style=\"border: 0px #ffffff; width: 209.46875px; height: 29px; vertical-align: top;\"><strong>SCREENPLAY<\/strong><\/td>\n<td style=\"border: 0px #ffffff; width: 410.53125px; height: 29px; vertical-align: top;\">Maxime CAPERAN and Thomas FINKIELKRAUT<\/td>\n<\/tr>\n<tr style=\"border: 0px #ffffff; height: 29px;\">\n<td style=\"border: 0px #ffffff; width: 209.46875px; height: 29px; vertical-align: top;\"><strong>DoP<\/strong><\/td>\n<td style=\"border: 0px #ffffff; width: 410.53125px; height: 29px; vertical-align: top;\">\n<div><span lang=\"EN-US\">Eva S\u00c9HET<\/span><\/div>\n<\/td>\n<\/tr>\n<tr style=\"border: 0px #ffffff; height: 27px;\">\n<td style=\"border: 0px #ffffff; width: 209.46875px; height: 27px; vertical-align: top;\"><strong>SOUND<\/strong><\/td>\n<td style=\"border: 0px #ffffff; width: 410.53125px; height: 27px; vertical-align: top;\">\n<div>Olivier VOISIN, Cl\u00e9ment DECAUDIN and Paul JOUSSELIN<\/div>\n<\/td>\n<\/tr>\n<tr style=\"border: 0px #ffffff; height: 29px;\">\n<td style=\"border: 0px #ffffff; width: 209.46875px; height: 29px; vertical-align: top;\"><strong>EDITING<\/strong><\/td>\n<td style=\"border: 0px #ffffff; width: 410.53125px; height: 29px; vertical-align: top;\">\n<div>Alexandre DONOT<\/div>\n<\/td>\n<\/tr>\n<tr style=\"border: 0px #ffffff; height: 29px;\">\n<td style=\"border: 0px #ffffff; width: 209.46875px; height: 29px; vertical-align: top;\"><strong>ORIGINAL SCORE<\/strong><\/td>\n<td style=\"border: 0px #ffffff; width: 410.53125px; height: 29px; vertical-align: top;\">\n<div>Florent PARIS<\/div>\n<\/td>\n<\/tr>\n<tr style=\"border: 0px #ffffff; height: 53px;\">\n<td style=\"border: 0px #ffffff; width: 209.46875px; height: 53px; vertical-align: top;\"><strong>PARTNERS<\/strong><\/td>\n<td style=\"border: 0px #ffffff; width: 410.53125px; height: 53px; vertical-align: top;\">\n<div>With the support of R\u00c9GION BRETAGNE, and D\u00c9PARTEMENT FINIST\u00c8RE in partnership with CNC<\/div>\n<\/td>\n<\/tr>\n<tr style=\"border: 0px #ffffff; height: 29px;\">\n<td style=\"border: 0px #ffffff; width: 209.46875px; height: 29px;\"><strong>LENGHT<\/strong><\/td>\n<td style=\"border: 0px #ffffff; width: 410.53125px; height: 29px;\">24 minutes<\/td>\n<\/tr>\n<tr style=\"border: 0px #ffffff; height: 29px;\">\n<td style=\"border: 0px #ffffff; width: 209.46875px; height: 29px;\"><strong>COMPLETION<\/strong><\/td>\n<td style=\"border: 0px #ffffff; width: 410.53125px; height: 29px;\">May 2015<\/td>\n<\/tr>\n<tr style=\"border: 0px #ffffff; height: 29px;\">\n<td style=\"border: 0px #ffffff; width: 209.46875px; height: 29px;\"><strong>VISA<\/strong><\/td>\n<td style=\"border: 0px #ffffff; width: 410.53125px; height: 29px;\">\n<div>141 937<\/div>\n<\/td>\n<\/tr>\n<tr style=\"border: 0px #ffffff; height: 29px;\">\n<td style=\"border: 0px #ffffff; width: 209.46875px; height: 29px;\"><strong>BROADCASTING<\/strong><\/td>\n<td style=\"border: 0px #ffffff; width: 410.53125px; height: 29px;\">\n<div>KuB, Bref cin\u00e9ma, Shorts TV<\/div>\n<\/td>\n<\/tr>\n<tr style=\"border: 0px #ffffff; height: 29px;\">\n<td style=\"border: 0px #ffffff; width: 209.46875px; height: 29px; vertical-align: top;\"><strong>AWARDS AND SELECTIONS<\/strong><\/td>\n<td style=\"border: 0px #ffffff; width: 410.53125px; height: 29px; vertical-align: top;\">\n<div class=\" translation-block\">Brest European Short Film Festival, Made in Breizh selection<br>\nCombat International Short Movie Festival<br>\nFestival du Cin\u00e9ma Europ\u00e9en de Lille, in competition<br>\nScreening at La Cin\u00e9math\u00e8que Fran\u00e7aise during the nights \u201cAujourd\u2019hui le cinema\u201d<br>\nFestival du Film de L\u2019Ouest, <b>Special Jury's mention<\/b><br>\nFestival Partie(s) de Campagne, French-speaking Competition<br>\nFestival de cin\u00e9ma de Douarnenez, Grand Cru Bretagne 2016<br>\nFestival de court-m\u00e9trages de Manlleu, Official selection<\/div>\n<\/td>\n<\/tr>\n<\/tbody>\n<\/table>\n<p><em><strong>\u00a0 \u00a0 \u00a0 \u00a0<\/strong><\/em><\/p>\n<p>[\/et_pb_text][\/et_pb_column][\/et_pb_row][et_pb_row _builder_version=\u00a0\u00bb4.7.3&Prime; _module_preset=\u00a0\u00bbdefault\u00a0\u00bb][et_pb_column type=\u00a0\u00bb4_4&Prime; _builder_version=\u00a0\u00bb4.7.3&Prime; _module_preset=\u00a0\u00bbdefault\u00a0\u00bb][et_pb_video src=\u00a0\u00bbhttps:\/\/vimeo.com\/ondemand\/lesguerriers\u00a0\u00bb _builder_version=\u00a0\u00bb4.7.3&Prime; _module_preset=\u00a0\u00bbdefault\u00a0\u00bb custom_margin=\u00a0\u00bb-94px|||||\u00a0\u00bb src__hover_enabled=\u00a0\u00bbon|desktop\u00a0\u00bb][\/et_pb_video][\/et_pb_column][\/et_pb_row][\/et_pb_section]<\/p>","protected":false},"excerpt":{"rendered":"<p>[et_pb_section fb_built=\u00a0\u00bb1&Prime; _builder_version=\u00a0\u00bb4.7.3&Prime; _module_preset=\u00a0\u00bbdefault\u00a0\u00bb min_height=\u00a0\u00bb611px\u00a0\u00bb custom_padding=\u00a0\u00bb72px|||||\u00a0\u00bb da_disable_devices=\u00a0\u00bboff|off|off\u00a0\u00bb da_is_popup=\u00a0\u00bboff\u00a0\u00bb da_exit_intent=\u00a0\u00bboff\u00a0\u00bb da_has_close=\u00a0\u00bbon\u00a0\u00bb da_alt_close=\u00a0\u00bboff\u00a0\u00bb da_dark_close=\u00a0\u00bboff\u00a0\u00bb da_not_modal=\u00a0\u00bbon\u00a0\u00bb da_is_singular=\u00a0\u00bboff\u00a0\u00bb da_with_loader=\u00a0\u00bboff\u00a0\u00bb da_has_shadow=\u00a0\u00bbon\u00a0\u00bb][et_pb_row column_structure=\u00a0\u00bb2_5,3_5&Prime; _builder_version=\u00a0\u00bb4.7.3&Prime; _module_preset=\u00a0\u00bbdefault\u00a0\u00bb custom_margin=\u00a0\u00bb-5px|auto||auto||\u00a0\u00bb custom_padding=\u00a0\u00bb17px|||||\u00a0\u00bb][et_pb_column type=\u00a0\u00bb2_5&Prime; _builder_version=\u00a0\u00bb4.7.3&Prime; _module_preset=\u00a0\u00bbdefault\u00a0\u00bb][et_pb_button button_url=\u00a0\u00bbhttps:\/\/lesfilmsduclan.com\u00a0\u00bb button_text=\u00a0\u00bbRetour\u00a0\u00bb _builder_version=\u00a0\u00bb4.9.4&Prime; _module_preset=\u00a0\u00bbdefault\u00a0\u00bb custom_button=\u00a0\u00bbon\u00a0\u00bb button_text_size=\u00a0\u00bb12px\u00a0\u00bb button_text_color=\u00a0\u00bb#cbbb9d\u00a0\u00bb button_bg_color=\u00a0\u00bbrgba(0,0,0,0)\u00a0\u00bb button_border_color=\u00a0\u00bbrgba(0,0,0,0)\u00a0\u00bb button_border_radius=\u00a0\u00bb4px\u00a0\u00bb button_letter_spacing=\u00a0\u00bb0px\u00a0\u00bb button_font=\u00a0\u00bb|600|||||||\u00a0\u00bb button_icon=\u00a0\u00bb%%23%%\u00a0\u00bb button_icon_color=\u00a0\u00bb#cbbb9d\u00a0\u00bb button_icon_placement=\u00a0\u00bbleft\u00a0\u00bb background_layout=\u00a0\u00bbdark\u00a0\u00bb custom_margin=\u00a0\u00bb-55px|||||\u00a0\u00bb custom_padding=\u00a0\u00bb||8px|||\u00a0\u00bb button_font_tablet=\u00a0\u00bb\u00a0\u00bb button_font_phone=\u00a0\u00bb\u00a0\u00bb button_font_last_edited=\u00a0\u00bbon|desktop\u00a0\u00bb button_text_color__hover_enabled=\u00a0\u00bboff|desktop\u00a0\u00bb button_bg_color__hover_enabled=\u00a0\u00bbon|desktop\u00a0\u00bb button_bg_color__hover=\u00a0\u00bbrgba(0,0,0,0)\u00a0\u00bb button_bg_enable_color__hover=\u00a0\u00bbon\u00a0\u00bb button_text_size__hover_enabled=\u00a0\u00bbon|desktop\u00a0\u00bb][\/et_pb_button][et_pb_image src=\u00a0\u00bbhttps:\/\/lesfilmsduclan.com\/wp-content\/uploads\/2021\/01\/AFFICHE-LES-GUERRIERS.jpg\u00a0\u00bb alt=\u00a0\u00bbULYSSE DOIT PARTIR\u00a0\u00bb title_text=\u00a0\u00bbAFFICHE [&hellip;]<\/p>","protected":false},"author":1,"featured_media":0,"parent":0,"menu_order":0,"comment_status":"closed","ping_status":"closed","template":"","meta":{"_et_pb_use_builder":"on","_et_pb_old_content":"","_et_gb_content_width":""},"yoast_head":"<!-- This site is optimized with the Yoast SEO plugin v16.1.1 - https:\/\/yoast.com\/wordpress\/plugins\/seo\/ -->\n<title>LES GUERRIERS - Les films du clan<\/title>\n<meta name=\"description\" content=\"Rong\u00e9 par ses d\u00e9sirs autant que ses frustrations, Thomas, seize ans, peine \u00e0 se construire. Si bien qu\u2019il lui est bient\u00f4t impossible de contenir cette rage sourde qui l\u2019anime. Mais loin de le d\u00e9truire, la col\u00e8re est son premier \u00e9lan vers la libert\u00e9.\" \/>\n<link rel=\"canonical\" href=\"https:\/\/lesfilmsduclan.com\/en\/les-guerriers\/\" \/>\n<meta property=\"og:locale\" content=\"en_GB\" \/>\n<meta property=\"og:type\" content=\"article\" \/>\n<meta property=\"og:title\" content=\"LES GUERRIERS - Les films du clan\" \/>\n<meta property=\"og:description\" content=\"Rong\u00e9 par ses d\u00e9sirs autant que ses frustrations, Thomas, seize ans, peine \u00e0 se construire. Si bien qu\u2019il lui est bient\u00f4t impossible de contenir cette rage sourde qui l\u2019anime. Mais loin de le d\u00e9truire, la col\u00e8re est son premier \u00e9lan vers la libert\u00e9.\" \/>\n<meta property=\"og:url\" content=\"https:\/\/lesfilmsduclan.com\/en\/les-guerriers\/\" \/>\n<meta property=\"og:site_name\" content=\"Les films du clan\" \/>\n<meta property=\"article:modified_time\" content=\"2021-04-30T13:35:00+00:00\" \/>\n<meta name=\"twitter:label1\" content=\"Estimated reading time\">\n\t<meta name=\"twitter:data1\" content=\"4 minutes\">\n<script type=\"application\/ld+json\" class=\"yoast-schema-graph\">{\"@context\":\"https:\/\/schema.org\",\"@graph\":[{\"@type\":\"WebSite\",\"@id\":\"https:\/\/lesfilmsduclan.com\/#website\",\"url\":\"https:\/\/lesfilmsduclan.com\/\",\"name\":\"Les films du clan\",\"description\":\"Les films du clan est une soci\\u00e9t\\u00e9 de production ind\\u00e9pendante cr\\u00e9\\u00e9e en 2010 par Charles Philippe et Lucile Ric\",\"potentialAction\":[{\"@type\":\"SearchAction\",\"target\":\"https:\/\/lesfilmsduclan.com\/?s={search_term_string}\",\"query-input\":\"required name=search_term_string\"}],\"inLanguage\":\"en-GB\"},{\"@type\":\"WebPage\",\"@id\":\"https:\/\/lesfilmsduclan.com\/les-guerriers\/#webpage\",\"url\":\"https:\/\/lesfilmsduclan.com\/les-guerriers\/\",\"name\":\"LES GUERRIERS - Les films du clan\",\"isPartOf\":{\"@id\":\"https:\/\/lesfilmsduclan.com\/#website\"},\"datePublished\":\"2021-03-22T14:13:33+00:00\",\"dateModified\":\"2021-04-30T13:35:00+00:00\",\"description\":\"Rong\\u00e9 par ses d\\u00e9sirs autant que ses frustrations, Thomas, seize ans, peine \\u00e0 se construire. Si bien qu\\u2019il lui est bient\\u00f4t impossible de contenir cette rage sourde qui l\\u2019anime. Mais loin de le d\\u00e9truire, la col\\u00e8re est son premier \\u00e9lan vers la libert\\u00e9.\",\"breadcrumb\":{\"@id\":\"https:\/\/lesfilmsduclan.com\/les-guerriers\/#breadcrumb\"},\"inLanguage\":\"en-GB\",\"potentialAction\":[{\"@type\":\"ReadAction\",\"target\":[\"https:\/\/lesfilmsduclan.com\/les-guerriers\/\"]}]},{\"@type\":\"BreadcrumbList\",\"@id\":\"https:\/\/lesfilmsduclan.com\/les-guerriers\/#breadcrumb\",\"itemListElement\":[{\"@type\":\"ListItem\",\"position\":1,\"item\":{\"@type\":\"WebPage\",\"@id\":\"https:\/\/lesfilmsduclan.com\/les-guerriers\/\",\"url\":\"https:\/\/lesfilmsduclan.com\/les-guerriers\/\",\"name\":\"LES GUERRIERS\"}}]}]}<\/script>\n<!-- \/ Yoast SEO plugin. -->","_links":{"self":[{"href":"https:\/\/lesfilmsduclan.com\/en\/wp-json\/wp\/v2\/pages\/214342"}],"collection":[{"href":"https:\/\/lesfilmsduclan.com\/en\/wp-json\/wp\/v2\/pages"}],"about":[{"href":"https:\/\/lesfilmsduclan.com\/en\/wp-json\/wp\/v2\/types\/page"}],"author":[{"embeddable":true,"href":"https:\/\/lesfilmsduclan.com\/en\/wp-json\/wp\/v2\/users\/1"}],"replies":[{"embeddable":true,"href":"https:\/\/lesfilmsduclan.com\/en\/wp-json\/wp\/v2\/comments?post=214342"}],"version-history":[{"count":13,"href":"https:\/\/lesfilmsduclan.com\/en\/wp-json\/wp\/v2\/pages\/214342\/revisions"}],"predecessor-version":[{"id":215123,"href":"https:\/\/lesfilmsduclan.com\/en\/wp-json\/wp\/v2\/pages\/214342\/revisions\/215123"}],"wp:attachment":[{"href":"https:\/\/lesfilmsduclan.com\/en\/wp-json\/wp\/v2\/media?parent=214342"}],"curies":[{"name":"wp","href":"https:\/\/api.w.org\/{rel}","templated":true}]}}