{"id":214322,"date":"2021-03-22T14:20:51","date_gmt":"2021-03-22T13:20:51","guid":{"rendered":"https:\/\/lesfilmsduclan.com\/?page_id=214322"},"modified":"2021-04-30T14:39:08","modified_gmt":"2021-04-30T13:39:08","slug":"les-marcheurs-de-brume","status":"publish","type":"page","link":"https:\/\/lesfilmsduclan.com\/en\/les-marcheurs-de-brume\/","title":{"rendered":"THE MIST WALKERS"},"content":{"rendered":"<p>[et_pb_section fb_built=\u00a0\u00bb1&Prime; _builder_version=\u00a0\u00bb4.7.3&Prime; _module_preset=\u00a0\u00bbdefault\u00a0\u00bb min_height=\u00a0\u00bb611px\u00a0\u00bb custom_padding=\u00a0\u00bb66px|||||\u00a0\u00bb da_disable_devices=\u00a0\u00bboff|off|off\u00a0\u00bb da_is_popup=\u00a0\u00bboff\u00a0\u00bb da_exit_intent=\u00a0\u00bboff\u00a0\u00bb da_has_close=\u00a0\u00bbon\u00a0\u00bb da_alt_close=\u00a0\u00bboff\u00a0\u00bb da_dark_close=\u00a0\u00bboff\u00a0\u00bb da_not_modal=\u00a0\u00bbon\u00a0\u00bb da_is_singular=\u00a0\u00bboff\u00a0\u00bb da_with_loader=\u00a0\u00bboff\u00a0\u00bb da_has_shadow=\u00a0\u00bbon\u00a0\u00bb][et_pb_row column_structure=\u00a0\u00bb2_5,3_5&Prime; _builder_version=\u00a0\u00bb4.7.3&Prime; _module_preset=\u00a0\u00bbdefault\u00a0\u00bb custom_margin=\u00a0\u00bb-5px|auto||auto||\u00a0\u00bb custom_padding=\u00a0\u00bb26px|||||\u00a0\u00bb][et_pb_column type=\u00a0\u00bb2_5&Prime; _builder_version=\u00a0\u00bb4.7.3&Prime; _module_preset=\u00a0\u00bbdefault\u00a0\u00bb][et_pb_button button_url=\u00a0\u00bbhttps:\/\/lesfilmsduclan.com\u00a0\u00bb button_text=\u00a0\u00bbRetour\u00a0\u00bb _builder_version=\u00a0\u00bb4.9.4&Prime; _module_preset=\u00a0\u00bbdefault\u00a0\u00bb custom_button=\u00a0\u00bbon\u00a0\u00bb button_text_size=\u00a0\u00bb12px\u00a0\u00bb button_text_color=\u00a0\u00bb#cbbb9d\u00a0\u00bb button_bg_color=\u00a0\u00bbrgba(0,0,0,0)\u00a0\u00bb button_border_color=\u00a0\u00bbrgba(0,0,0,0)\u00a0\u00bb button_border_radius=\u00a0\u00bb4px\u00a0\u00bb button_letter_spacing=\u00a0\u00bb0px\u00a0\u00bb button_font=\u00a0\u00bb|600|||||||\u00a0\u00bb button_icon=\u00a0\u00bb%%23%%\u00a0\u00bb button_icon_color=\u00a0\u00bb#cbbb9d\u00a0\u00bb button_icon_placement=\u00a0\u00bbleft\u00a0\u00bb background_layout=\u00a0\u00bbdark\u00a0\u00bb custom_margin=\u00a0\u00bb-55px|||||\u00a0\u00bb custom_padding=\u00a0\u00bb||8px|||\u00a0\u00bb button_font_tablet=\u00a0\u00bb\u00a0\u00bb button_font_phone=\u00a0\u00bb\u00a0\u00bb button_font_last_edited=\u00a0\u00bbon|desktop\u00a0\u00bb button_text_color__hover_enabled=\u00a0\u00bboff|desktop\u00a0\u00bb button_bg_color__hover_enabled=\u00a0\u00bbon|desktop\u00a0\u00bb button_bg_color__hover=\u00a0\u00bbrgba(0,0,0,0)\u00a0\u00bb button_bg_enable_color__hover=\u00a0\u00bbon\u00a0\u00bb button_text_size__hover_enabled=\u00a0\u00bbon|desktop\u00a0\u00bb][\/et_pb_button][et_pb_image src=\u00a0\u00bbhttps:\/\/lesfilmsduclan.com\/wp-content\/uploads\/2021\/03\/LES-MARCHEURS-DE-BRUME-scaled.jpg\u00a0\u00bb alt=\u00a0\u00bbULYSSE DOIT PARTIR\u00a0\u00bb title_text=\u00a0\u00bbLES MARCHEURS DE BRUME\u00a0\u00bb _builder_version=\u00a0\u00bb4.9.4&Prime; _module_preset=\u00a0\u00bbdefault\u00a0\u00bb min_height_tablet=\u00a0\u00bb\u00a0\u00bb min_height_phone=\u00a0\u00bb\u00a0\u00bb min_height_last_edited=\u00a0\u00bbon|desktop\u00a0\u00bb height_tablet=\u00a0\u00bb\u00a0\u00bb height_phone=\u00a0\u00bb\u00a0\u00bb height_last_edited=\u00a0\u00bbon|desktop\u00a0\u00bb max_height_tablet=\u00a0\u00bb\u00a0\u00bb max_height_phone=\u00a0\u00bb\u00a0\u00bb max_height_last_edited=\u00a0\u00bbon|desktop\u00a0\u00bb custom_margin=\u00a0\u00bb-15px||||false|false\u00a0\u00bb custom_padding=\u00a0\u00bb||||false|false\u00a0\u00bb border_width_all=\u00a0\u00bb1px\u00a0\u00bb border_color_all=\u00a0\u00bbrgba(51,51,51,0.09)\u00a0\u00bb][\/et_pb_image][\/et_pb_column][et_pb_column type=\u00a0\u00bb3_5&Prime; _builder_version=\u00a0\u00bb4.7.3&Prime; _module_preset=\u00a0\u00bbdefault\u00a0\u00bb][et_pb_text _builder_version=\u00a0\u00bb4.9.4&Prime; _module_preset=\u00a0\u00bbdefault\u00a0\u00bb text_text_color=\u00a0\u00bb#000000&Prime; background_color=\u00a0\u00bbrgba(0,0,0,0)\u00a0\u00bb transform_scale=\u00a0\u00bb96%|96%\u00a0\u00bb width=\u00a0\u00bb100%\u00a0\u00bb min_height=\u00a0\u00bb692px\u00a0\u00bb custom_margin=\u00a0\u00bb-49px||||false|false\u00a0\u00bb custom_margin_tablet=\u00a0\u00bb\u00a0\u00bb custom_margin_phone=\u00a0\u00bb|||-10px|false|false\u00a0\u00bb custom_margin_last_edited=\u00a0\u00bbon|desktop\u00a0\u00bb custom_padding=\u00a0\u00bb0px||0px|||\u00a0\u00bb hover_enabled=\u00a0\u00bb0&Prime; border_color_all=\u00a0\u00bbrgba(0,0,0,0)\u00a0\u00bb border_style_all=\u00a0\u00bbnone\u00a0\u00bb content_last_edited=\u00a0\u00bbon|phone\u00a0\u00bb sticky_enabled=\u00a0\u00bb0&Prime; content_phone=\u00a0\u00bb<\/p>\n<p style=%22text-align: justify;%22><span style=%22color: #000000;%22><\/span><\/p>\n<table border=%220px #ffffff%22 cellpadding=%220%22 cellspacing=%220%22 style=%22border: 0px #ffffff; height: 989px; float: left; width: 321px;%22>\n<tbody>\n<tr style=%22border: 0px #ffffff; height: 29px;%22>\n<td style=%22border: 0px #ffffff; width: 321.015625px; height: 29px; text-align: center;%22 colspan=%222%22>\n<h1><b>THE MIST WALKERS<\/b><\/h1>\n<\/td>\n<\/tr>\n<tr style=%22border: 0px #ffffff; height: 29px;%22>\n<td style=%22border: 0px #ffffff; width: 321.015625px; height: 29px; text-align: center;%22 colspan=%222%22>a film by Christophe Deram<\/td>\n<\/tr>\n<tr style=%22border: 0px #ffffff; height: 29px;%22>\n<td style=%22border: 0px #ffffff; width: 321.015625px; height: 29px;%22 colspan=%222%22><\/td>\n<\/tr>\n<tr style=%22border: 0px #ffffff; height: 29px;%22>\n<td style=%22border: 0px #ffffff; width: 321.015625px; height: 29px; text-align: justify;%22 colspan=%222%22>\n<p>Sandrine is in her thirties. She works in a supermarket and lives alone in an anonymous suburb. To the people she comes across every now and then, she slowly fades away. Relentlessly. For some time now, there is a stain growing on the kitchen ceiling. And then there is this neighbor who is found dead at his place. A kind man who visits her sometimes.<\/p>\n<p>&nbsp;<\/p>\n<\/td>\n<\/tr>\n<tr border:=%22%22 0px=%22%22 ffffff=%22%22 height:=%22%22 53px=%22%22>\n<td style=%22border: 0px #ffffff; width: 138.890625px; height: 29px; vertical-align: top;%22><strong>WITH<\/strong><\/td>\n<td style=%22border: 0px #ffffff; width: 182.125px; height: 29px; vertical-align: top;%22>Amandine DEWASMES<br \/>Simon FERRANTE<\/td>\n<\/tr>\n<tr style=%22border: 0px #ffffff; height: 29px;%22>\n<td style=%22border: 0px #ffffff; width: 138.890625px; height: 29px; vertical-align: top;%22><strong>SCREENPLAY<\/strong><\/td>\n<td style=%22border: 0px #ffffff; width: 182.125px; height: 29px; vertical-align: top;%22>Christophe DERAM<\/td>\n<\/tr>\n<tr style=%22border: 0px #ffffff; height: 29px;%22>\n<td style=%22border: 0px #ffffff; width: 138.890625px; height: 29px; vertical-align: top;%22><strong>DoP<\/strong><\/td>\n<td style=%22border: 0px #ffffff; width: 182.125px; height: 29px; vertical-align: top;%22>\n<div><span lang=%22EN-US%22>Eric ALIROL<\/span><\/div>\n<\/td>\n<\/tr>\n<tr style=%22border: 0px #ffffff; height: 27px;%22>\n<td style=%22border: 0px #ffffff; width: 138.890625px; height: 27px; vertical-align: top;%22><strong>SOUND<\/strong><\/td>\n<td style=%22border: 0px #ffffff; width: 182.125px; height: 27px; vertical-align: top;%22>\n<p><span style=%22font-family: inherit; font-size: inherit;%22>Mathias LEONE and Cyrille LAUWERIER<\/span><\/p>\n<div><\/div>\n<\/td>\n<\/tr>\n<tr style=%22border: 0px #ffffff; height: 29px;%22>\n<td style=%22border: 0px #ffffff; width: 138.890625px; height: 29px; vertical-align: top;%22><strong>EDITING<\/strong><\/td>\n<td style=%22border: 0px #ffffff; width: 182.125px; height: 29px; vertical-align: top;%22>Ronan TRONCHOT<\/td>\n<\/tr>\n<tr style=%22border: 0px #ffffff; height: 53px;%22>\n<td style=%22border: 0px #ffffff; width: 138.890625px; height: 53px; vertical-align: top;%22><strong>PARTNERS<\/strong><\/td>\n<td style=%22border: 0px #ffffff; width: 182.125px; height: 53px; vertical-align: top;%22 class=\" translation-block\">In coproduction with PICTANOVO, with the support of R\u00c9GION NORD-PAS DE CALAIS<br>\nWith the support of R\u00c9GION CHAMPAGNE ARDENNE in partnership with CNC\nCoproduced by LE FRESNOY, STUDIO NATIONAL DES ARTS CONTEMPORAINS<\/td>\n<\/tr>\n<tr style=%22border: 0px #ffffff; height: 29px;%22>\n<td style=%22border: 0px #ffffff; width: 138.890625px; height: 29px; vertical-align: top;%22><strong>LENGHT<\/strong><\/td>\n<td style=%22border: 0px #ffffff; width: 182.125px; height: 29px; vertical-align: top;%22>21 minutes<\/td>\n<\/tr>\n<tr style=%22border: 0px #ffffff; height: 29px;%22>\n<td style=%22border: 0px #ffffff; width: 138.890625px; height: 29px; vertical-align: top;%22><strong>COMPLETION<\/strong><\/td>\n<td style=%22border: 0px #ffffff; width: 182.125px; height: 29px; vertical-align: top;%22>March 2016<\/td>\n<\/tr>\n<tr style=%22border: 0px #ffffff; height: 29px;%22>\n<td style=%22border: 0px #ffffff; width: 138.890625px; height: 29px; vertical-align: top;%22><strong>VISA<\/strong><\/td>\n<td style=%22border: 0px #ffffff; width: 182.125px; height: 29px; vertical-align: top;%22>\n<div>144 131<\/div>\n<\/td>\n<\/tr>\n<tr style=%22border: 0px #ffffff; height: 29px;%22>\n<td style=%22border: 0px #ffffff; width: 138.890625px; height: 29px; vertical-align: top;%22><strong>BROADCASTING<\/strong><\/td>\n<td style=%22border: 0px #ffffff; width: 182.125px; height: 29px; vertical-align: top;%22>\n<div>Pacific Voice, Atlas Shorts<\/div>\n<\/td>\n<\/tr>\n<tr style=%22border: 0px #ffffff; height: 29px;%22>\n<td style=%22border: 0px #ffffff; width: 138.890625px; height: 29px; vertical-align: top;%22><b>AWARDS AND SELECTIONS<\/b><\/td>\n<td style=%22border: 0px #ffffff; width: 182.125px; height: 29px; vertical-align: top;%22>\n<div class=\" translation-block\">Flickers\u2019 Vortex Sci-Fi, Fantasy & Horror Film Festival 2017<br>\nFestival Faites des courts 2017, French-speaking Competition<br>\nPartie(s) de Campagne 2017 \u2013 French-speaking Competition<br>\nFestival L\u2019Acharni\u00e8re 2017, section Panorama<br>\nFestival Tournez Court 2017 \u2013 Official Competition<\/div>\n<\/td>\n<\/tr>\n<\/tbody>\n<\/table>\n<p><strong>\u00a0 \u00a0 \u00a0 \u00a0<\/strong><\/p>\n<p>\u00ab\u00a0]<\/p>\n<p style=\"text-align: justify;\"><span style=\"color: #000000;\"><\/span><\/p>\n<table border=\"0px #ffffff\" cellpadding=\"0\" cellspacing=\"0\" style=\"border: 0px #ffffff; height: 370px; float: left; width: 625px;\">\n<tbody>\n<tr style=\"border: 0px #ffffff; height: 29px;\">\n<td style=\"border: 0px #ffffff; width: 625.015625px; height: 29px; text-align: center;\" colspan=\"2\">\n<h1><b>THE MIST WALKERS<\/b><\/h1>\n<\/td>\n<\/tr>\n<tr style=\"border: 0px #ffffff; height: 29px;\">\n<td style=\"border: 0px #ffffff; width: 625.015625px; height: 29px; text-align: center;\" colspan=\"2\">a film by Christophe Deram<\/td>\n<\/tr>\n<tr style=\"border: 0px #ffffff; height: 29px;\">\n<td style=\"border: 0px #ffffff; width: 625.015625px; height: 29px;\" colspan=\"2\"><\/td>\n<\/tr>\n<tr style=\"border: 0px #ffffff; height: 29px;\">\n<td style=\"border: 0px #ffffff; width: 625.015625px; height: 29px; text-align: justify;\" colspan=\"2\">\n<p>Sandrine is in her thirties. She works in a supermarket and lives alone in an anonymous suburb. To the people she comes across every now and then, she slowly fades away. Relentlessly. For some time now, there is a stain growing on the kitchen ceiling. And then there is this neighbor who is found dead at his place. A kind man who visits her sometimes.<\/p>\n<p>&nbsp;<\/p>\n<\/td>\n<\/tr>\n<tr border:=\"\" 0px=\"\" ffffff=\"\" height:=\"\" 53px=\"\">\n<td style=\"border: 0px #ffffff; width: 211.171875px; height: 29px; vertical-align: top;\"><strong>WITH<\/strong><\/td>\n<td style=\"border: 0px #ffffff; width: 413.84375px; height: 29px; vertical-align: top;\">Amandine DEWASMES<br \/>Simon FERRANTE<\/td>\n<\/tr>\n<tr style=\"border: 0px #ffffff; height: 29px;\">\n<td style=\"border: 0px #ffffff; width: 209.46875px; height: 29px; vertical-align: top;\"><strong>SCREENPLAY<\/strong><\/td>\n<td style=\"border: 0px #ffffff; width: 410.53125px; height: 29px; vertical-align: top;\">Christophe DERAM<\/td>\n<\/tr>\n<tr style=\"border: 0px #ffffff; height: 29px;\">\n<td style=\"border: 0px #ffffff; width: 209.46875px; height: 29px; vertical-align: top;\"><strong>DoP<\/strong><\/td>\n<td style=\"border: 0px #ffffff; width: 410.53125px; height: 29px; vertical-align: top;\">\n<div><span lang=\"EN-US\">Eric ALIROL<\/span><\/div>\n<\/td>\n<\/tr>\n<tr style=\"border: 0px #ffffff; height: 27px;\">\n<td style=\"border: 0px #ffffff; width: 209.46875px; height: 27px; vertical-align: top;\"><strong>SOUND<\/strong><\/td>\n<td style=\"border: 0px #ffffff; width: 410.53125px; height: 27px; vertical-align: top;\">\n<p><span style=\"font-family: inherit; font-size: inherit;\">Mathias LEONE and Cyrille LAUWERIER<\/span><\/p>\n<div><\/div>\n<\/td>\n<\/tr>\n<tr style=\"border: 0px #ffffff; height: 29px;\">\n<td style=\"border: 0px #ffffff; width: 209.46875px; height: 29px; vertical-align: top;\"><strong>EDITING<\/strong><\/td>\n<td style=\"border: 0px #ffffff; width: 410.53125px; height: 29px; vertical-align: top;\">Ronan TRONCHOT<\/td>\n<\/tr>\n<tr style=\"border: 0px #ffffff; height: 53px;\">\n<td style=\"border: 0px #ffffff; width: 209.46875px; height: 53px; vertical-align: top;\"><strong>PARTNERS<\/strong><\/td>\n<td style=\"border: 0px #ffffff; width: 410.53125px; height: 53px; vertical-align: top;\" class=\" translation-block\">In coproduction with PICTANOVO, with the support of R\u00c9GION NORD-PAS DE CALAIS<br>\nWith the support of R\u00c9GION CHAMPAGNE ARDENNE in partnership with CNC\nCoproduced by LE FRESNOY, STUDIO NATIONAL DES ARTS CONTEMPORAINS<\/td>\n<\/tr>\n<tr style=\"border: 0px #ffffff; height: 29px;\">\n<td style=\"border: 0px #ffffff; width: 209.46875px; height: 29px; vertical-align: top;\"><strong>LENGHT<\/strong><\/td>\n<td style=\"border: 0px #ffffff; width: 410.53125px; height: 29px; vertical-align: top;\">21 minutes<\/td>\n<\/tr>\n<tr style=\"border: 0px #ffffff; height: 29px;\">\n<td style=\"border: 0px #ffffff; width: 209.46875px; height: 29px; vertical-align: top;\"><strong>COMPLETION<\/strong><\/td>\n<td style=\"border: 0px #ffffff; width: 410.53125px; height: 29px; vertical-align: top;\">March 2016<\/td>\n<\/tr>\n<tr style=\"border: 0px #ffffff; height: 29px;\">\n<td style=\"border: 0px #ffffff; width: 209.46875px; height: 29px; vertical-align: top;\"><strong>VISA<\/strong><\/td>\n<td style=\"border: 0px #ffffff; width: 410.53125px; height: 29px; vertical-align: top;\">\n<div>144 131<\/div>\n<\/td>\n<\/tr>\n<tr style=\"border: 0px #ffffff; height: 29px;\">\n<td style=\"border: 0px #ffffff; width: 209.46875px; height: 29px; vertical-align: top;\"><strong>BROADCASTING<\/strong><\/td>\n<td style=\"border: 0px #ffffff; width: 410.53125px; height: 29px; vertical-align: top;\">\n<div>Pacific Voice, Atlas Shorts<\/div>\n<\/td>\n<\/tr>\n<tr style=\"border: 0px #ffffff; height: 29px;\">\n<td style=\"border: 0px #ffffff; width: 209.46875px; height: 29px; vertical-align: top;\"><b>AWARDS AND SELECTIONS<\/b><\/td>\n<td style=\"border: 0px #ffffff; width: 410.53125px; height: 29px; vertical-align: top;\">\n<div class=\" translation-block\">Flickers\u2019 Vortex Sci-Fi, Fantasy & Horror Film Festival 2017<br>\nFestival Faites des courts 2017, French-speaking Competition<br>\nPartie(s) de Campagne 2017 \u2013 French-speaking Competition<br>\nFestival L\u2019Acharni\u00e8re 2017, section Panorama<br>\nFestival Tournez Court 2017 \u2013 Official Competition<\/div>\n<\/td>\n<\/tr>\n<\/tbody>\n<\/table>\n<p><strong>\u00a0 \u00a0 \u00a0 \u00a0<\/strong><\/p>\n<p>[\/et_pb_text][\/et_pb_column][\/et_pb_row][et_pb_row _builder_version=\u00a0\u00bb4.7.3&Prime; _module_preset=\u00a0\u00bbdefault\u00a0\u00bb][et_pb_column type=\u00a0\u00bb4_4&Prime; _builder_version=\u00a0\u00bb4.7.3&Prime; _module_preset=\u00a0\u00bbdefault\u00a0\u00bb][et_pb_video src=\u00a0\u00bbhttps:\/\/vimeo.com\/ondemand\/lesmarcheursdebrume\u00a0\u00bb _builder_version=\u00a0\u00bb4.7.3&Prime; _module_preset=\u00a0\u00bbdefault\u00a0\u00bb custom_margin=\u00a0\u00bb-94px|||||\u00a0\u00bb src__hover_enabled=\u00a0\u00bbon|desktop\u00a0\u00bb][\/et_pb_video][\/et_pb_column][\/et_pb_row][\/et_pb_section]<\/p>","protected":false},"excerpt":{"rendered":"<p>[et_pb_section fb_built=\u00a0\u00bb1&Prime; _builder_version=\u00a0\u00bb4.7.3&Prime; _module_preset=\u00a0\u00bbdefault\u00a0\u00bb min_height=\u00a0\u00bb611px\u00a0\u00bb custom_padding=\u00a0\u00bb66px|||||\u00a0\u00bb da_disable_devices=\u00a0\u00bboff|off|off\u00a0\u00bb da_is_popup=\u00a0\u00bboff\u00a0\u00bb da_exit_intent=\u00a0\u00bboff\u00a0\u00bb da_has_close=\u00a0\u00bbon\u00a0\u00bb da_alt_close=\u00a0\u00bboff\u00a0\u00bb da_dark_close=\u00a0\u00bboff\u00a0\u00bb da_not_modal=\u00a0\u00bbon\u00a0\u00bb da_is_singular=\u00a0\u00bboff\u00a0\u00bb da_with_loader=\u00a0\u00bboff\u00a0\u00bb da_has_shadow=\u00a0\u00bbon\u00a0\u00bb][et_pb_row column_structure=\u00a0\u00bb2_5,3_5&Prime; _builder_version=\u00a0\u00bb4.7.3&Prime; _module_preset=\u00a0\u00bbdefault\u00a0\u00bb custom_margin=\u00a0\u00bb-5px|auto||auto||\u00a0\u00bb custom_padding=\u00a0\u00bb26px|||||\u00a0\u00bb][et_pb_column type=\u00a0\u00bb2_5&Prime; _builder_version=\u00a0\u00bb4.7.3&Prime; _module_preset=\u00a0\u00bbdefault\u00a0\u00bb][et_pb_button button_url=\u00a0\u00bbhttps:\/\/lesfilmsduclan.com\u00a0\u00bb button_text=\u00a0\u00bbRetour\u00a0\u00bb _builder_version=\u00a0\u00bb4.9.4&Prime; _module_preset=\u00a0\u00bbdefault\u00a0\u00bb custom_button=\u00a0\u00bbon\u00a0\u00bb button_text_size=\u00a0\u00bb12px\u00a0\u00bb button_text_color=\u00a0\u00bb#cbbb9d\u00a0\u00bb button_bg_color=\u00a0\u00bbrgba(0,0,0,0)\u00a0\u00bb button_border_color=\u00a0\u00bbrgba(0,0,0,0)\u00a0\u00bb button_border_radius=\u00a0\u00bb4px\u00a0\u00bb button_letter_spacing=\u00a0\u00bb0px\u00a0\u00bb button_font=\u00a0\u00bb|600|||||||\u00a0\u00bb button_icon=\u00a0\u00bb%%23%%\u00a0\u00bb button_icon_color=\u00a0\u00bb#cbbb9d\u00a0\u00bb button_icon_placement=\u00a0\u00bbleft\u00a0\u00bb background_layout=\u00a0\u00bbdark\u00a0\u00bb custom_margin=\u00a0\u00bb-55px|||||\u00a0\u00bb custom_padding=\u00a0\u00bb||8px|||\u00a0\u00bb button_font_tablet=\u00a0\u00bb\u00a0\u00bb button_font_phone=\u00a0\u00bb\u00a0\u00bb button_font_last_edited=\u00a0\u00bbon|desktop\u00a0\u00bb button_text_color__hover_enabled=\u00a0\u00bboff|desktop\u00a0\u00bb button_bg_color__hover_enabled=\u00a0\u00bbon|desktop\u00a0\u00bb button_bg_color__hover=\u00a0\u00bbrgba(0,0,0,0)\u00a0\u00bb button_bg_enable_color__hover=\u00a0\u00bbon\u00a0\u00bb button_text_size__hover_enabled=\u00a0\u00bbon|desktop\u00a0\u00bb][\/et_pb_button][et_pb_image src=\u00a0\u00bbhttps:\/\/lesfilmsduclan.com\/wp-content\/uploads\/2021\/03\/LES-MARCHEURS-DE-BRUME-scaled.jpg\u00a0\u00bb alt=\u00a0\u00bbULYSSE DOIT PARTIR\u00a0\u00bb title_text=\u00a0\u00bbLES [&hellip;]<\/p>","protected":false},"author":1,"featured_media":0,"parent":0,"menu_order":0,"comment_status":"closed","ping_status":"closed","template":"","meta":{"_et_pb_use_builder":"on","_et_pb_old_content":"","_et_gb_content_width":""},"yoast_head":"<!-- This site is optimized with the Yoast SEO plugin v16.1.1 - https:\/\/yoast.com\/wordpress\/plugins\/seo\/ -->\n<title>LES MARCHEURS DE BRUME - Les films du clan<\/title>\n<meta name=\"description\" content=\"Sandrine a une trentaine d\u2019ann\u00e9es. Elle travaille dans un supermarch\u00e9 et vit seule dans une banlieue anonyme. Aux yeux des gens crois\u00e9s de loin en loin, elle s\u2019efface peu \u00e0 peu. Inexorablement. Depuis quelques temps, il y a une tache qui grandit sur le plafond de la cuisine. Et puis il y a ce voisin que l\u2019on retrouve mort chez lui. Un homme aimable qui lui rend visite quelquefois.\" \/>\n<link rel=\"canonical\" href=\"https:\/\/lesfilmsduclan.com\/en\/les-marcheurs-de-brume\/\" \/>\n<meta property=\"og:locale\" content=\"en_GB\" \/>\n<meta property=\"og:type\" content=\"article\" \/>\n<meta property=\"og:title\" content=\"LES MARCHEURS DE BRUME - Les films du clan\" \/>\n<meta property=\"og:description\" content=\"Sandrine a une trentaine d\u2019ann\u00e9es. Elle travaille dans un supermarch\u00e9 et vit seule dans une banlieue anonyme. Aux yeux des gens crois\u00e9s de loin en loin, elle s\u2019efface peu \u00e0 peu. Inexorablement. Depuis quelques temps, il y a une tache qui grandit sur le plafond de la cuisine. Et puis il y a ce voisin que l\u2019on retrouve mort chez lui. Un homme aimable qui lui rend visite quelquefois.\" \/>\n<meta property=\"og:url\" content=\"https:\/\/lesfilmsduclan.com\/en\/les-marcheurs-de-brume\/\" \/>\n<meta property=\"og:site_name\" content=\"Les films du clan\" \/>\n<meta property=\"article:modified_time\" content=\"2021-04-30T13:39:08+00:00\" \/>\n<meta name=\"twitter:label1\" content=\"Estimated reading time\">\n\t<meta name=\"twitter:data1\" content=\"4 minutes\">\n<script type=\"application\/ld+json\" class=\"yoast-schema-graph\">{\"@context\":\"https:\/\/schema.org\",\"@graph\":[{\"@type\":\"WebSite\",\"@id\":\"https:\/\/lesfilmsduclan.com\/#website\",\"url\":\"https:\/\/lesfilmsduclan.com\/\",\"name\":\"Les films du clan\",\"description\":\"Les films du clan est une soci\\u00e9t\\u00e9 de production ind\\u00e9pendante cr\\u00e9\\u00e9e en 2010 par Charles Philippe et Lucile Ric\",\"potentialAction\":[{\"@type\":\"SearchAction\",\"target\":\"https:\/\/lesfilmsduclan.com\/?s={search_term_string}\",\"query-input\":\"required name=search_term_string\"}],\"inLanguage\":\"en-GB\"},{\"@type\":\"WebPage\",\"@id\":\"https:\/\/lesfilmsduclan.com\/les-marcheurs-de-brume\/#webpage\",\"url\":\"https:\/\/lesfilmsduclan.com\/les-marcheurs-de-brume\/\",\"name\":\"LES MARCHEURS DE BRUME - Les films du clan\",\"isPartOf\":{\"@id\":\"https:\/\/lesfilmsduclan.com\/#website\"},\"datePublished\":\"2021-03-22T13:20:51+00:00\",\"dateModified\":\"2021-04-30T13:39:08+00:00\",\"description\":\"Sandrine a une trentaine d\\u2019ann\\u00e9es. Elle travaille dans un supermarch\\u00e9 et vit seule dans une banlieue anonyme. Aux yeux des gens crois\\u00e9s de loin en loin, elle s\\u2019efface peu \\u00e0 peu. Inexorablement. Depuis quelques temps, il y a une tache qui grandit sur le plafond de la cuisine. Et puis il y a ce voisin que l\\u2019on retrouve mort chez lui. Un homme aimable qui lui rend visite quelquefois.\",\"breadcrumb\":{\"@id\":\"https:\/\/lesfilmsduclan.com\/les-marcheurs-de-brume\/#breadcrumb\"},\"inLanguage\":\"en-GB\",\"potentialAction\":[{\"@type\":\"ReadAction\",\"target\":[\"https:\/\/lesfilmsduclan.com\/les-marcheurs-de-brume\/\"]}]},{\"@type\":\"BreadcrumbList\",\"@id\":\"https:\/\/lesfilmsduclan.com\/les-marcheurs-de-brume\/#breadcrumb\",\"itemListElement\":[{\"@type\":\"ListItem\",\"position\":1,\"item\":{\"@type\":\"WebPage\",\"@id\":\"https:\/\/lesfilmsduclan.com\/les-marcheurs-de-brume\/\",\"url\":\"https:\/\/lesfilmsduclan.com\/les-marcheurs-de-brume\/\",\"name\":\"LES MARCHEURS DE BRUME\"}}]}]}<\/script>\n<!-- \/ Yoast SEO plugin. -->","_links":{"self":[{"href":"https:\/\/lesfilmsduclan.com\/en\/wp-json\/wp\/v2\/pages\/214322"}],"collection":[{"href":"https:\/\/lesfilmsduclan.com\/en\/wp-json\/wp\/v2\/pages"}],"about":[{"href":"https:\/\/lesfilmsduclan.com\/en\/wp-json\/wp\/v2\/types\/page"}],"author":[{"embeddable":true,"href":"https:\/\/lesfilmsduclan.com\/en\/wp-json\/wp\/v2\/users\/1"}],"replies":[{"embeddable":true,"href":"https:\/\/lesfilmsduclan.com\/en\/wp-json\/wp\/v2\/comments?post=214322"}],"version-history":[{"count":14,"href":"https:\/\/lesfilmsduclan.com\/en\/wp-json\/wp\/v2\/pages\/214322\/revisions"}],"predecessor-version":[{"id":215126,"href":"https:\/\/lesfilmsduclan.com\/en\/wp-json\/wp\/v2\/pages\/214322\/revisions\/215126"}],"wp:attachment":[{"href":"https:\/\/lesfilmsduclan.com\/en\/wp-json\/wp\/v2\/media?parent=214322"}],"curies":[{"name":"wp","href":"https:\/\/api.w.org\/{rel}","templated":true}]}}