{"id":214292,"date":"2021-03-22T12:06:42","date_gmt":"2021-03-22T11:06:42","guid":{"rendered":"https:\/\/lesfilmsduclan.com\/?page_id=214292"},"modified":"2021-05-25T10:25:47","modified_gmt":"2021-05-25T09:25:47","slug":"les-meteorites","status":"publish","type":"page","link":"https:\/\/lesfilmsduclan.com\/en\/les-meteorites\/","title":{"rendered":"METEORITES"},"content":{"rendered":"<p>[et_pb_section fb_built=\u00a0\u00bb1&Prime; _builder_version=\u00a0\u00bb4.7.3&Prime; _module_preset=\u00a0\u00bbdefault\u00a0\u00bb min_height=\u00a0\u00bb611px\u00a0\u00bb custom_padding=\u00a0\u00bb66px||76px||false|\u00a0\u00bb da_disable_devices=\u00a0\u00bboff|off|off\u00a0\u00bb da_is_popup=\u00a0\u00bboff\u00a0\u00bb da_exit_intent=\u00a0\u00bboff\u00a0\u00bb da_has_close=\u00a0\u00bbon\u00a0\u00bb da_alt_close=\u00a0\u00bboff\u00a0\u00bb da_dark_close=\u00a0\u00bboff\u00a0\u00bb da_not_modal=\u00a0\u00bbon\u00a0\u00bb da_is_singular=\u00a0\u00bboff\u00a0\u00bb da_with_loader=\u00a0\u00bboff\u00a0\u00bb da_has_shadow=\u00a0\u00bbon\u00a0\u00bb][et_pb_row column_structure=\u00a0\u00bb2_5,3_5&Prime; _builder_version=\u00a0\u00bb4.7.3&Prime; _module_preset=\u00a0\u00bbdefault\u00a0\u00bb custom_margin=\u00a0\u00bb-5px|auto||auto||\u00a0\u00bb custom_padding=\u00a0\u00bb17px|||||\u00a0\u00bb][et_pb_column type=\u00a0\u00bb2_5&Prime; _builder_version=\u00a0\u00bb4.7.3&Prime; _module_preset=\u00a0\u00bbdefault\u00a0\u00bb][et_pb_button button_url=\u00a0\u00bbhttps:\/\/lesfilmsduclan.com\u00a0\u00bb button_text=\u00a0\u00bbRetour\u00a0\u00bb _builder_version=\u00a0\u00bb4.9.4&Prime; _module_preset=\u00a0\u00bbdefault\u00a0\u00bb custom_button=\u00a0\u00bbon\u00a0\u00bb button_text_size=\u00a0\u00bb12px\u00a0\u00bb button_text_color=\u00a0\u00bb#cbbb9d\u00a0\u00bb button_bg_color=\u00a0\u00bbrgba(0,0,0,0)\u00a0\u00bb button_border_color=\u00a0\u00bbrgba(0,0,0,0)\u00a0\u00bb button_border_radius=\u00a0\u00bb4px\u00a0\u00bb button_letter_spacing=\u00a0\u00bb0px\u00a0\u00bb button_font=\u00a0\u00bb|600|||||||\u00a0\u00bb button_icon=\u00a0\u00bb%%23%%\u00a0\u00bb button_icon_color=\u00a0\u00bb#cbbb9d\u00a0\u00bb button_icon_placement=\u00a0\u00bbleft\u00a0\u00bb background_layout=\u00a0\u00bbdark\u00a0\u00bb custom_margin=\u00a0\u00bb-77px||||false|false\u00a0\u00bb custom_padding=\u00a0\u00bb22px||8px||false|false\u00a0\u00bb button_font_tablet=\u00a0\u00bb\u00a0\u00bb button_font_phone=\u00a0\u00bb\u00a0\u00bb button_font_last_edited=\u00a0\u00bbon|desktop\u00a0\u00bb button_text_color__hover_enabled=\u00a0\u00bboff|desktop\u00a0\u00bb button_bg_color__hover_enabled=\u00a0\u00bbon|desktop\u00a0\u00bb button_bg_color__hover=\u00a0\u00bbrgba(0,0,0,0)\u00a0\u00bb button_bg_enable_color__hover=\u00a0\u00bbon\u00a0\u00bb button_text_size__hover_enabled=\u00a0\u00bbon|desktop\u00a0\u00bb][\/et_pb_button][et_pb_image src=\u00a0\u00bbhttps:\/\/lesfilmsduclan.com\/wp-content\/uploads\/2021\/03\/LES-METEORITES-resized-scaled.jpeg\u00a0\u00bb alt=\u00a0\u00bbULYSSE DOIT PARTIR\u00a0\u00bb title_text=\u00a0\u00bbA3-LES METEORITES-RVB &#8211; copie\u00a0\u00bb align=\u00a0\u00bbcenter\u00a0\u00bb src_tablet=\u00a0\u00bb\u00a0\u00bb src_phone=\u00a0\u00bbhttps:\/\/lesfilmsduclan.com\/wp-content\/uploads\/2021\/03\/A3-LES-METEORITES-RVB-copie-scaled.jpg\u00a0\u00bb src_last_edited=\u00a0\u00bbon|phone\u00a0\u00bb _builder_version=\u00a0\u00bb4.9.4&Prime; _module_preset=\u00a0\u00bbdefault\u00a0\u00bb max_height_tablet=\u00a0\u00bb\u00a0\u00bb max_height_phone=\u00a0\u00bb\u00a0\u00bb max_height_last_edited=\u00a0\u00bbon|phone\u00a0\u00bb custom_margin=\u00a0\u00bb0px||||false|false\u00a0\u00bb custom_padding=\u00a0\u00bb0px|||||\u00a0\u00bb][\/et_pb_image][\/et_pb_column][et_pb_column type=\u00a0\u00bb3_5&Prime; _builder_version=\u00a0\u00bb4.7.3&Prime; _module_preset=\u00a0\u00bbdefault\u00a0\u00bb][et_pb_text content_tablet=\u00a0\u00bb\u00a0\u00bb content_phone=\u00a0\u00bb<\/p>\n<table border=%220px #ffffff%22 cellpadding=%220%22 cellspacing=%220%22 style=%22border: 0px #ffffff; height: 1188px; float: left; width: 321px;%22>\n<tbody>\n<tr style=%22border: 0px #ffffff; height: 29px;%22>\n<th style=%22border: 0px #ffffff; width: 321.015625px; height: 20px; text-align: center; vertical-align: bottom;%22 colspan=%222%22>\n<h1><b>METEORITES<\/b><\/h1>\n<\/th>\n<\/tr>\n<tr style=%22border: 0px #ffffff; height: 29px;%22>\n<td style=%22border: 0px #ffffff; width: 321.015625px; height: 29px; text-align: center; vertical-align: top;%22 colspan=%222%22>a film by Romain Laguna<\/td>\n<\/tr>\n<tr style=%22border: 0px #ffffff; height: 29px;%22>\n<td style=%22border: 0px #ffffff; width: 321.015625px; height: 29px; text-align: center; vertical-align: top;%22 colspan=%222%22>\n<p style=%22text-align: justify;%22><strong><br \/><\/strong><span style=%22font-size: 14px;%22>Nina, a 16-year-old girl, dreams of adventure. Meanwhile, she spends the summer between her village in the south of France and the theme park where she works. Just before meeting Morad, a teenage from an Algerian family living in the nearby projects, Nina sees a meteorite falling in the sky that seems only visible to her... as an omen.<\/span><\/p>\n<p><span style=%22font-size: 14px;%22><\/span><\/p>\n<p><span style=%22font-size: 14px;%22><\/span><\/p>\n<\/td>\n<\/tr>\n<tr border:=%22%22 0px=%22%22 ffffff=%22%22 height:=%22%22 53px=%22%22>\n<td style=%22border: 0px #ffffff; width: 134.546875px; height: 29px; vertical-align: top;%22><strong>WITH<\/strong><\/td>\n<td style=%22border: 0px #ffffff; width: 186.46875px; height: 29px; vertical-align: top;%22>Z\u00e9a DUPREZ<br \/>Billal AGAB<br \/>Oumaima LYAMOURI<br \/>Nathan LE GRACIET<br \/>Rosy BRONNER<\/td>\n<\/tr>\n<tr style=%22border: 0px #ffffff; height: 29px;%22>\n<td style=%22border: 0px #ffffff; width: 134.546875px; height: 29px; vertical-align: top;%22><strong>SCREENPLAY<\/strong><\/td>\n<td style=%22border: 0px #ffffff; width: 186.46875px; height: 29px; vertical-align: top;%22>Romain LAGUNA and Salvatore LISTA<\/td>\n<\/tr>\n<tr style=%22border: 0px #ffffff; height: 29px;%22>\n<td style=%22border: 0px #ffffff; width: 134.546875px; height: 29px; vertical-align: top;%22><strong>DoP<\/strong><\/td>\n<td style=%22border: 0px #ffffff; width: 186.46875px; height: 29px; vertical-align: top;%22>Aur\u00e9lien MARRA<\/td>\n<\/tr>\n<tr style=%22border: 0px #ffffff; height: 27px;%22>\n<td style=%22border: 0px #ffffff; width: 134.546875px; height: 27px; vertical-align: top;%22><strong>SOUND<\/strong><\/td>\n<td style=%22border: 0px #ffffff; width: 186.46875px; height: 27px; vertical-align: top;%22>\n<div>Ga\u00ebl \u00c9L\u00c9ON<\/div>\n<\/td>\n<\/tr>\n<tr style=%22border: 0px #ffffff; height: 29px;%22>\n<td style=%22border: 0px #ffffff; width: 134.546875px; height: 29px; vertical-align: top;%22><strong>EDITING<\/strong><\/td>\n<td style=%22border: 0px #ffffff; width: 186.46875px; height: 29px; vertical-align: top;%22>\n<div>H\u00e9lo\u00efse PELLOQUET<\/div>\n<\/td>\n<\/tr>\n<tr style=%22border: 0px #ffffff; height: 29px;%22>\n<td style=%22border: 0px #ffffff; width: 134.546875px; height: 29px; vertical-align: top;%22><strong>ORIGINAL SCORE<\/strong><\/td>\n<td style=%22border: 0px #ffffff; width: 186.46875px; height: 29px; vertical-align: top;%22>\n<div>Maxence DUSSERE<\/div>\n<\/td>\n<\/tr>\n<tr style=%22border: 0px #ffffff; height: 53px;%22>\n<td style=%22border: 0px #ffffff; width: 134.546875px; height: 53px; vertical-align: top;%22><strong>PARTENAIRE<\/strong><\/td>\n<td style=%22border: 0px #ffffff; width: 186.46875px; height: 53px; vertical-align: top;%22>\n<div>Avec la participation du CNC \u2013 Avance sur recettes et Aide au d\u00e9veloppement<\/div>\n<div>With the support of R\u00c9GION OCCITANIE \/ PYR\u00c9N\u00c9ES-M\u00c9DITERRAN\u00c9E in partnership with CNC, in association with CIN\u00c9VENTURE 3<\/div>\n<\/td>\n<\/tr>\n<tr style=%22border: 0px #ffffff; height: 29px;%22>\n<td style=%22border: 0px #ffffff; width: 134.546875px; height: 29px; vertical-align: top;%22><strong>LENGHT<\/strong><\/td>\n<td style=%22border: 0px #ffffff; width: 186.46875px; height: 29px; vertical-align: top;%22>85 minutes<\/td>\n<\/tr>\n<tr style=%22border: 0px #ffffff; height: 29px;%22>\n<td style=%22border: 0px #ffffff; width: 134.546875px; height: 29px; vertical-align: top;%22><b>FRENCH RELEASE<\/b><\/td>\n<td style=%22border: 0px #ffffff; width: 186.46875px; height: 29px; vertical-align: top;%22>\n<div>May 8th 2019<\/div>\n<\/td>\n<\/tr>\n<tr style=%22border: 0px #ffffff; height: 29px;%22>\n<td style=%22border: 0px #ffffff; width: 134.546875px; height: 29px; vertical-align: top;%22><strong>VISA<\/strong><\/td>\n<td style=%22border: 0px #ffffff; width: 186.46875px; height: 29px; vertical-align: top;%22>139 787<span style=%22font-size: 14px;%22> <\/span><\/td>\n<\/tr>\n<tr style=%22border: 0px #ffffff; height: 29px;%22>\n<td style=%22border: 0px #ffffff; width: 134.546875px; height: 29px; vertical-align: top;%22><strong>AWARDS AND SELECTIONS<\/strong><\/td>\n<td style=%22border: 0px #ffffff; width: 186.46875px; height: 29px; vertical-align: top;%22>Festival international du film de San Sebastian 2018, section New Directors<br \/>Festival du Cin\u00e9ma M\u00e9diterran\u00e9en Cinemed 2018, en Comp\u00e9tition Officielle<br \/>Festival international du film Tigre et Dragon de Pingyao 2018<br \/>Festival International du Film de Toronto TIFF, s\u00e9ance Next Wave<br \/>Festival international LUCAS Francfort, <strong>Prix de la Jeunesse<\/strong><br \/>Festival GazteFilm 2019, <strong>Prix jeunesse<\/strong> du meilleur long m\u00e9trage<br \/>My French Film Festival 2020, <strong>Mention sp\u00e9ciale du Jury<\/strong> de la Presse internationale<br \/>Festival Suns\u00e8te 2019<br \/>Festival Diversit\u00e9 2019<\/td>\n<\/tr>\n<\/tbody>\n<\/table>\n<p>\u00a0\u00bb content_last_edited=\u00a0\u00bbon|phone\u00a0\u00bb _builder_version=\u00a0\u00bb4.9.4&Prime; _module_preset=\u00a0\u00bbdefault\u00a0\u00bb text_text_color=\u00a0\u00bb#000000&Prime; background_color=\u00a0\u00bbrgba(0,0,0,0)\u00a0\u00bb transform_scale=\u00a0\u00bb96%|96%\u00a0\u00bb width=\u00a0\u00bb100%\u00a0\u00bb min_height=\u00a0\u00bb692px\u00a0\u00bb custom_margin=\u00a0\u00bb-35px||||false|false\u00a0\u00bb custom_margin_tablet=\u00a0\u00bb\u00a0\u00bb custom_margin_phone=\u00a0\u00bb-35px|||-10px|false|false\u00a0\u00bb custom_margin_last_edited=\u00a0\u00bbon|phone\u00a0\u00bb custom_padding=\u00a0\u00bb19px||0px||false|false\u00a0\u00bb border_color_all=\u00a0\u00bbrgba(0,0,0,0)\u00a0\u00bb border_style_all=\u00a0\u00bbnone\u00a0\u00bb]<\/p>\n<table style=\"border: 0px #ffffff; height: 1168px; float: left; width: 622px;\" border=\"0px #ffffff\" cellspacing=\"0\" cellpadding=\"0\">\n<tbody>\n<tr style=\"border: 0px #ffffff; height: 29px;\">\n<th style=\"border: 0px #ffffff; width: 622.015625px; height: 20px; text-align: center; vertical-align: bottom;\" colspan=\"2\">\n<h1><b>METEORITES<\/b><\/h1>\n<\/th>\n<\/tr>\n<tr style=\"border: 0px #ffffff; height: 29px;\">\n<td style=\"border: 0px #ffffff; width: 622.015625px; height: 29px; text-align: center; vertical-align: top;\" colspan=\"2\">a film by Romain Laguna<\/td>\n<\/tr>\n<tr style=\"border: 0px #ffffff; height: 29px;\">\n<td style=\"border: 0px #ffffff; width: 622.015625px; height: 29px; text-align: center; vertical-align: top;\" colspan=\"2\">\n<p style=\"text-align: justify;\"><strong><br \/><\/strong><span style=\"font-size: 14px;\">Nina, a 16-year-old girl, dreams of adventure. Meanwhile, she spends the summer between her village in the south of France and the theme park where she works. Just before meeting Morad, a teenage from an Algerian family living in the nearby projects, Nina sees a meteorite falling in the sky that seems only visible to her... as an omen.<\/span><span style=\"font-size: 14px; text-align: center;\">\u00a0<\/span><\/p>\n<p>&nbsp;<\/p>\n<\/td>\n<\/tr>\n<tr>\n<td style=\"border: 0px #ffffff; width: 210.421875px; height: 29px; vertical-align: top;\"><strong>WITH<\/strong><\/td>\n<td style=\"border: 0px #ffffff; width: 411.59375px; height: 29px; vertical-align: top;\">Z\u00e9a DUPREZ<br \/>Billal AGAB<br \/>Oumaima LYAMOURI<br \/>Nathan\u00a0LE GRACIET<br \/>Rosy BRONNER<\/td>\n<\/tr>\n<tr style=\"border: 0px #ffffff; height: 29px;\">\n<td style=\"border: 0px #ffffff; width: 210.421875px; height: 29px; vertical-align: top;\"><strong>SCREENPLAY<\/strong><\/td>\n<td style=\"border: 0px #ffffff; width: 411.59375px; height: 29px; vertical-align: top;\">Romain LAGUNA and Salvatore LISTA<\/td>\n<\/tr>\n<tr style=\"border: 0px #ffffff; height: 29px;\">\n<td style=\"border: 0px #ffffff; width: 210.421875px; height: 29px; vertical-align: top;\"><strong>DoP<\/strong><\/td>\n<td style=\"border: 0px #ffffff; width: 411.59375px; height: 29px; vertical-align: top;\">Aur\u00e9lien MARRA<\/td>\n<\/tr>\n<tr style=\"border: 0px #ffffff; height: 27px;\">\n<td style=\"border: 0px #ffffff; width: 210.421875px; height: 27px; vertical-align: top;\"><strong>SOUND<\/strong><\/td>\n<td style=\"border: 0px #ffffff; width: 411.59375px; height: 27px; vertical-align: top;\">\n<div>Ga\u00ebl \u00c9L\u00c9ON<\/div>\n<\/td>\n<\/tr>\n<tr style=\"border: 0px #ffffff; height: 29px;\">\n<td style=\"border: 0px #ffffff; width: 210.421875px; height: 29px; vertical-align: top;\"><strong>EDITING<\/strong><\/td>\n<td style=\"border: 0px #ffffff; width: 411.59375px; height: 29px; vertical-align: top;\">\n<div>H\u00e9lo\u00efse PELLOQUET<\/div>\n<\/td>\n<\/tr>\n<tr style=\"border: 0px #ffffff; height: 29px;\">\n<td style=\"border: 0px #ffffff; width: 210.421875px; height: 29px; vertical-align: top;\"><strong>ORIGINAL SCORE<\/strong><\/td>\n<td style=\"border: 0px #ffffff; width: 411.59375px; height: 29px; vertical-align: top;\">\n<div>Maxence DUSSERE<\/div>\n<\/td>\n<\/tr>\n<tr style=\"border: 0px #ffffff; height: 53px;\">\n<td style=\"border: 0px #ffffff; width: 210.421875px; height: 53px; vertical-align: top;\"><strong>PARTNERS<\/strong><\/td>\n<td style=\"border: 0px #ffffff; width: 411.59375px; height: 53px; vertical-align: top;\">\n<div>With the participation of CNC \u2013 Avance sur recettes and Aide au d\u00e9veloppement<\/div>\n<div>With the support of R\u00c9GION OCCITANIE \/ PYR\u00c9N\u00c9ES-M\u00c9DITERRAN\u00c9E in partnership with CNC, in association with CIN\u00c9VENTURE 3<\/div>\n<\/td>\n<\/tr>\n<tr style=\"border: 0px #ffffff; height: 29px;\">\n<td style=\"border: 0px #ffffff; width: 210.421875px; height: 29px; vertical-align: top;\"><strong>LENGHT<\/strong><\/td>\n<td style=\"border: 0px #ffffff; width: 411.59375px; height: 29px; vertical-align: top;\">85 minutes<\/td>\n<\/tr>\n<tr style=\"border: 0px #ffffff; height: 29px;\">\n<td style=\"border: 0px #ffffff; width: 210.421875px; height: 29px; vertical-align: top;\"><b>FRENCH RELEASE<\/b><\/td>\n<td style=\"border: 0px #ffffff; width: 411.59375px; height: 29px; vertical-align: top;\">\n<div>May 8th 2019<\/div>\n<\/td>\n<\/tr>\n<tr style=\"border: 0px #ffffff; height: 29px;\">\n<td style=\"border: 0px #ffffff; width: 210.421875px; height: 29px; vertical-align: top;\"><strong>VISA<\/strong><\/td>\n<td style=\"border: 0px #ffffff; width: 411.59375px; height: 29px; vertical-align: top;\">139 787<\/td>\n<\/tr>\n<tr style=\"border: 0px #ffffff; height: 29px;\">\n<td style=\"border: 0px #ffffff; width: 210.421875px; height: 29px; vertical-align: top;\"><strong>AWARDS AND SELECTIONS<\/strong><\/td>\n<td style=\"border: 0px #ffffff; width: 411.59375px; height: 29px; vertical-align: top;\" class=\" translation-block\">San Sebasti\u00e0n International Film Festival 2018, New Directors section<br>\nCinemed Mediterranean Film Festival 2018, Official Competition<br>\nFestival international du film Pingyao Crouching Tiger Hidden Dragon 2018<br>\nToronto International Film Festival TIFF, Next Wave<br>LUCAS Francfort International Film Fesival, <strong>Youngsters award<\/strong><br>\nGazteFilm Festival 2019, <strong>Youngsters award<\/strong> for Best Feature<br>\nMy French Film Festival 2020, <strong>International Press\u2019 Jury Special Mention <\/strong><br>\nFestival Suns\u00e8te 2019<br>\nFestival Diversit\u00e9 2019<\/td>\n<\/tr>\n<\/tbody>\n<\/table>\n<p>[\/et_pb_text][\/et_pb_column][\/et_pb_row][et_pb_row _builder_version=\u00a0\u00bb4.7.3&Prime; _module_preset=\u00a0\u00bbdefault\u00a0\u00bb][et_pb_column type=\u00a0\u00bb4_4&Prime; _builder_version=\u00a0\u00bb4.7.3&Prime; _module_preset=\u00a0\u00bbdefault\u00a0\u00bb][et_pb_video src=\u00a0\u00bbhttps:\/\/www.youtube.com\/watch?v=neRJ9PHeFnY\u00a0\u00bb _builder_version=\u00a0\u00bb4.7.3&Prime; _module_preset=\u00a0\u00bbdefault\u00a0\u00bb custom_margin=\u00a0\u00bb-94px|||||\u00a0\u00bb src__hover_enabled=\u00a0\u00bbon|desktop\u00a0\u00bb][\/et_pb_video][\/et_pb_column][\/et_pb_row][\/et_pb_section]<\/p>","protected":false},"excerpt":{"rendered":"<p>[et_pb_section fb_built=\u00a0\u00bb1&Prime; _builder_version=\u00a0\u00bb4.7.3&Prime; _module_preset=\u00a0\u00bbdefault\u00a0\u00bb min_height=\u00a0\u00bb611px\u00a0\u00bb custom_padding=\u00a0\u00bb66px||76px||false|\u00a0\u00bb da_disable_devices=\u00a0\u00bboff|off|off\u00a0\u00bb da_is_popup=\u00a0\u00bboff\u00a0\u00bb da_exit_intent=\u00a0\u00bboff\u00a0\u00bb da_has_close=\u00a0\u00bbon\u00a0\u00bb da_alt_close=\u00a0\u00bboff\u00a0\u00bb da_dark_close=\u00a0\u00bboff\u00a0\u00bb da_not_modal=\u00a0\u00bbon\u00a0\u00bb da_is_singular=\u00a0\u00bboff\u00a0\u00bb da_with_loader=\u00a0\u00bboff\u00a0\u00bb da_has_shadow=\u00a0\u00bbon\u00a0\u00bb][et_pb_row column_structure=\u00a0\u00bb2_5,3_5&Prime; _builder_version=\u00a0\u00bb4.7.3&Prime; _module_preset=\u00a0\u00bbdefault\u00a0\u00bb custom_margin=\u00a0\u00bb-5px|auto||auto||\u00a0\u00bb custom_padding=\u00a0\u00bb17px|||||\u00a0\u00bb][et_pb_column type=\u00a0\u00bb2_5&Prime; _builder_version=\u00a0\u00bb4.7.3&Prime; _module_preset=\u00a0\u00bbdefault\u00a0\u00bb][et_pb_button button_url=\u00a0\u00bbhttps:\/\/lesfilmsduclan.com\u00a0\u00bb button_text=\u00a0\u00bbRetour\u00a0\u00bb _builder_version=\u00a0\u00bb4.9.4&Prime; _module_preset=\u00a0\u00bbdefault\u00a0\u00bb custom_button=\u00a0\u00bbon\u00a0\u00bb button_text_size=\u00a0\u00bb12px\u00a0\u00bb button_text_color=\u00a0\u00bb#cbbb9d\u00a0\u00bb button_bg_color=\u00a0\u00bbrgba(0,0,0,0)\u00a0\u00bb button_border_color=\u00a0\u00bbrgba(0,0,0,0)\u00a0\u00bb button_border_radius=\u00a0\u00bb4px\u00a0\u00bb button_letter_spacing=\u00a0\u00bb0px\u00a0\u00bb button_font=\u00a0\u00bb|600|||||||\u00a0\u00bb button_icon=\u00a0\u00bb%%23%%\u00a0\u00bb button_icon_color=\u00a0\u00bb#cbbb9d\u00a0\u00bb button_icon_placement=\u00a0\u00bbleft\u00a0\u00bb background_layout=\u00a0\u00bbdark\u00a0\u00bb custom_margin=\u00a0\u00bb-77px||||false|false\u00a0\u00bb custom_padding=\u00a0\u00bb22px||8px||false|false\u00a0\u00bb button_font_tablet=\u00a0\u00bb\u00a0\u00bb button_font_phone=\u00a0\u00bb\u00a0\u00bb button_font_last_edited=\u00a0\u00bbon|desktop\u00a0\u00bb button_text_color__hover_enabled=\u00a0\u00bboff|desktop\u00a0\u00bb button_bg_color__hover_enabled=\u00a0\u00bbon|desktop\u00a0\u00bb button_bg_color__hover=\u00a0\u00bbrgba(0,0,0,0)\u00a0\u00bb button_bg_enable_color__hover=\u00a0\u00bbon\u00a0\u00bb button_text_size__hover_enabled=\u00a0\u00bbon|desktop\u00a0\u00bb][\/et_pb_button][et_pb_image src=\u00a0\u00bbhttps:\/\/lesfilmsduclan.com\/wp-content\/uploads\/2021\/03\/LES-METEORITES-resized-scaled.jpeg\u00a0\u00bb alt=\u00a0\u00bbULYSSE DOIT PARTIR\u00a0\u00bb title_text=\u00a0\u00bbA3-LES [&hellip;]<\/p>","protected":false},"author":1,"featured_media":0,"parent":0,"menu_order":0,"comment_status":"closed","ping_status":"closed","template":"","meta":{"_et_pb_use_builder":"on","_et_pb_old_content":"","_et_gb_content_width":""},"yoast_head":"<!-- This site is optimized with the Yoast SEO plugin v16.1.1 - https:\/\/yoast.com\/wordpress\/plugins\/seo\/ -->\n<title>LES M\u00c9T\u00c9ORITES - Les films du clan<\/title>\n<meta name=\"description\" content=\"Nina, 16 ans, r\u00eave d&#039;aventure. En attendant, elle passe l&#039;\u00e9t\u00e9 entre son village du sud de la France et le parc d&#039;attractions o\u00f9 elle travaille. Juste avant de rencontrer Morad, Nina voit une m\u00e9t\u00e9orite enflammer le ciel et s&#039;\u00e9craser dans la montagne. Comme le pr\u00e9sage d&#039;une nouvelle vie.\" \/>\n<link rel=\"canonical\" href=\"https:\/\/lesfilmsduclan.com\/en\/les-meteorites\/\" \/>\n<meta property=\"og:locale\" content=\"en_GB\" \/>\n<meta property=\"og:type\" content=\"article\" \/>\n<meta property=\"og:title\" content=\"LES M\u00c9T\u00c9ORITES de Romain Laguna\" \/>\n<meta property=\"og:description\" content=\"Nina, 16 ans, r\u00eave d&#039;aventure. En attendant, elle passe l&#039;\u00e9t\u00e9 entre son village du sud de la France et le parc d&#039;attractions o\u00f9 elle travaille. Juste avant de rencontrer Morad, Nina voit une m\u00e9t\u00e9orite enflammer le ciel et s&#039;\u00e9craser dans la montagne. Comme le pr\u00e9sage d&#039;une nouvelle vie.\" \/>\n<meta property=\"og:url\" content=\"https:\/\/lesfilmsduclan.com\/en\/les-meteorites\/\" \/>\n<meta property=\"og:site_name\" content=\"Les films du clan\" \/>\n<meta property=\"article:modified_time\" content=\"2021-05-25T09:25:47+00:00\" \/>\n<meta property=\"og:image\" content=\"https:\/\/lesfilmsduclan.com\/wp-content\/uploads\/2021\/03\/LES-METEORITES-resized-scaled.jpeg\" \/>\n\t<meta property=\"og:image:width\" content=\"1810\" \/>\n\t<meta property=\"og:image:height\" content=\"2560\" \/>\n<meta name=\"twitter:label1\" content=\"Estimated reading time\">\n\t<meta name=\"twitter:data1\" content=\"4 minutes\">\n<script type=\"application\/ld+json\" class=\"yoast-schema-graph\">{\"@context\":\"https:\/\/schema.org\",\"@graph\":[{\"@type\":\"WebSite\",\"@id\":\"https:\/\/lesfilmsduclan.com\/#website\",\"url\":\"https:\/\/lesfilmsduclan.com\/\",\"name\":\"Les films du clan\",\"description\":\"Les films du clan est une soci\\u00e9t\\u00e9 de production ind\\u00e9pendante cr\\u00e9\\u00e9e en 2010 par Charles Philippe et Lucile Ric\",\"potentialAction\":[{\"@type\":\"SearchAction\",\"target\":\"https:\/\/lesfilmsduclan.com\/?s={search_term_string}\",\"query-input\":\"required name=search_term_string\"}],\"inLanguage\":\"en-GB\"},{\"@type\":\"ImageObject\",\"@id\":\"https:\/\/lesfilmsduclan.com\/les-meteorites\/#primaryimage\",\"inLanguage\":\"en-GB\",\"url\":\"https:\/\/lesfilmsduclan.com\/wp-content\/uploads\/2021\/03\/LES-METEORITES-resized-scaled.jpeg\",\"contentUrl\":\"https:\/\/lesfilmsduclan.com\/wp-content\/uploads\/2021\/03\/LES-METEORITES-resized-scaled.jpeg\",\"width\":1810,\"height\":2560},{\"@type\":\"WebPage\",\"@id\":\"https:\/\/lesfilmsduclan.com\/les-meteorites\/#webpage\",\"url\":\"https:\/\/lesfilmsduclan.com\/les-meteorites\/\",\"name\":\"LES M\\u00c9T\\u00c9ORITES - Les films du clan\",\"isPartOf\":{\"@id\":\"https:\/\/lesfilmsduclan.com\/#website\"},\"primaryImageOfPage\":{\"@id\":\"https:\/\/lesfilmsduclan.com\/les-meteorites\/#primaryimage\"},\"datePublished\":\"2021-03-22T11:06:42+00:00\",\"dateModified\":\"2021-05-25T09:25:47+00:00\",\"description\":\"Nina, 16 ans, r\\u00eave d'aventure. En attendant, elle passe l'\\u00e9t\\u00e9 entre son village du sud de la France et le parc d'attractions o\\u00f9 elle travaille. Juste avant de rencontrer Morad, Nina voit une m\\u00e9t\\u00e9orite enflammer le ciel et s'\\u00e9craser dans la montagne. Comme le pr\\u00e9sage d'une nouvelle vie.\",\"breadcrumb\":{\"@id\":\"https:\/\/lesfilmsduclan.com\/les-meteorites\/#breadcrumb\"},\"inLanguage\":\"en-GB\",\"potentialAction\":[{\"@type\":\"ReadAction\",\"target\":[\"https:\/\/lesfilmsduclan.com\/les-meteorites\/\"]}]},{\"@type\":\"BreadcrumbList\",\"@id\":\"https:\/\/lesfilmsduclan.com\/les-meteorites\/#breadcrumb\",\"itemListElement\":[{\"@type\":\"ListItem\",\"position\":1,\"item\":{\"@type\":\"WebPage\",\"@id\":\"https:\/\/lesfilmsduclan.com\/les-meteorites\/\",\"url\":\"https:\/\/lesfilmsduclan.com\/les-meteorites\/\",\"name\":\"LES M\\u00c9T\\u00c9ORITES\"}}]}]}<\/script>\n<!-- \/ Yoast SEO plugin. -->","_links":{"self":[{"href":"https:\/\/lesfilmsduclan.com\/en\/wp-json\/wp\/v2\/pages\/214292"}],"collection":[{"href":"https:\/\/lesfilmsduclan.com\/en\/wp-json\/wp\/v2\/pages"}],"about":[{"href":"https:\/\/lesfilmsduclan.com\/en\/wp-json\/wp\/v2\/types\/page"}],"author":[{"embeddable":true,"href":"https:\/\/lesfilmsduclan.com\/en\/wp-json\/wp\/v2\/users\/1"}],"replies":[{"embeddable":true,"href":"https:\/\/lesfilmsduclan.com\/en\/wp-json\/wp\/v2\/comments?post=214292"}],"version-history":[{"count":34,"href":"https:\/\/lesfilmsduclan.com\/en\/wp-json\/wp\/v2\/pages\/214292\/revisions"}],"predecessor-version":[{"id":215170,"href":"https:\/\/lesfilmsduclan.com\/en\/wp-json\/wp\/v2\/pages\/214292\/revisions\/215170"}],"wp:attachment":[{"href":"https:\/\/lesfilmsduclan.com\/en\/wp-json\/wp\/v2\/media?parent=214292"}],"curies":[{"name":"wp","href":"https:\/\/api.w.org\/{rel}","templated":true}]}}