{"id":214237,"date":"2021-03-19T16:43:14","date_gmt":"2021-03-19T15:43:14","guid":{"rendered":"https:\/\/lesfilmsduclan.com\/?page_id=214237"},"modified":"2024-03-11T16:56:26","modified_gmt":"2024-03-11T15:56:26","slug":"pornstar","status":"publish","type":"page","link":"https:\/\/lesfilmsduclan.com\/en\/pornstar\/","title":{"rendered":"PORNSTAR"},"content":{"rendered":"<p>[et_pb_section fb_built=\u00a0\u00bb1&Prime; _builder_version=\u00a0\u00bb4.7.3&Prime; _module_preset=\u00a0\u00bbdefault\u00a0\u00bb min_height=\u00a0\u00bb611px\u00a0\u00bb custom_padding=\u00a0\u00bb76px||76px||false|\u00a0\u00bb da_disable_devices=\u00a0\u00bboff|off|off\u00a0\u00bb da_is_popup=\u00a0\u00bboff\u00a0\u00bb da_exit_intent=\u00a0\u00bboff\u00a0\u00bb da_has_close=\u00a0\u00bbon\u00a0\u00bb da_alt_close=\u00a0\u00bboff\u00a0\u00bb da_dark_close=\u00a0\u00bboff\u00a0\u00bb da_not_modal=\u00a0\u00bbon\u00a0\u00bb da_is_singular=\u00a0\u00bboff\u00a0\u00bb da_with_loader=\u00a0\u00bboff\u00a0\u00bb da_has_shadow=\u00a0\u00bbon\u00a0\u00bb][et_pb_row column_structure=\u00a0\u00bb2_5,3_5&Prime; _builder_version=\u00a0\u00bb4.7.3&Prime; _module_preset=\u00a0\u00bbdefault\u00a0\u00bb custom_margin=\u00a0\u00bb-5px|auto||auto||\u00a0\u00bb custom_padding=\u00a0\u00bb9px||0px|||\u00a0\u00bb][et_pb_column type=\u00a0\u00bb2_5&Prime; _builder_version=\u00a0\u00bb4.7.3&Prime; _module_preset=\u00a0\u00bbdefault\u00a0\u00bb][et_pb_button button_url=\u00a0\u00bbhttps:\/\/lesfilmsduclan.com\u00a0\u00bb button_text=\u00a0\u00bbRetour\u00a0\u00bb _builder_version=\u00a0\u00bb4.9.4&Prime; _module_preset=\u00a0\u00bbdefault\u00a0\u00bb custom_button=\u00a0\u00bbon\u00a0\u00bb button_text_size=\u00a0\u00bb12px\u00a0\u00bb button_text_color=\u00a0\u00bb#cbbb9d\u00a0\u00bb button_bg_color=\u00a0\u00bbrgba(0,0,0,0)\u00a0\u00bb button_border_color=\u00a0\u00bbrgba(0,0,0,0)\u00a0\u00bb button_border_radius=\u00a0\u00bb4px\u00a0\u00bb button_letter_spacing=\u00a0\u00bb0px\u00a0\u00bb button_font=\u00a0\u00bb|600|||||||\u00a0\u00bb button_icon=\u00a0\u00bb%%23%%\u00a0\u00bb button_icon_color=\u00a0\u00bb#cbbb9d\u00a0\u00bb button_icon_placement=\u00a0\u00bbleft\u00a0\u00bb background_layout=\u00a0\u00bbdark\u00a0\u00bb custom_margin=\u00a0\u00bb-77px||||false|false\u00a0\u00bb custom_padding=\u00a0\u00bb22px||8px||false|false\u00a0\u00bb button_font_tablet=\u00a0\u00bb\u00a0\u00bb button_font_phone=\u00a0\u00bb\u00a0\u00bb button_font_last_edited=\u00a0\u00bbon|desktop\u00a0\u00bb button_text_color__hover_enabled=\u00a0\u00bboff|desktop\u00a0\u00bb button_bg_color__hover_enabled=\u00a0\u00bbon|desktop\u00a0\u00bb button_bg_color__hover=\u00a0\u00bbrgba(0,0,0,0)\u00a0\u00bb button_bg_enable_color__hover=\u00a0\u00bbon\u00a0\u00bb button_text_size__hover_enabled=\u00a0\u00bbon|desktop\u00a0\u00bb][\/et_pb_button][et_pb_image src=\u00a0\u00bbhttps:\/\/lesfilmsduclan.com\/wp-content\/uploads\/2021\/01\/Affiche-PORNSTAR-Web-FINAL.jpg\u00a0\u00bb alt=\u00a0\u00bbULYSSE DOIT PARTIR\u00a0\u00bb title_text=\u00a0\u00bbAffiche PORNSTAR Web FINAL\u00a0\u00bb align=\u00a0\u00bbcenter\u00a0\u00bb _builder_version=\u00a0\u00bb4.9.4&Prime; _module_preset=\u00a0\u00bbdefault\u00a0\u00bb min_height_tablet=\u00a0\u00bb\u00a0\u00bb min_height_phone=\u00a0\u00bb\u00a0\u00bb min_height_last_edited=\u00a0\u00bbon|desktop\u00a0\u00bb custom_margin=\u00a0\u00bb0px||||false|false\u00a0\u00bb custom_padding=\u00a0\u00bb0px|||||\u00a0\u00bb][\/et_pb_image][\/et_pb_column][et_pb_column type=\u00a0\u00bb3_5&Prime; _builder_version=\u00a0\u00bb4.7.3&Prime; _module_preset=\u00a0\u00bbdefault\u00a0\u00bb][et_pb_text content_tablet=\u00a0\u00bb\u00a0\u00bb content_phone=\u00a0\u00bb<\/p>\n<p style=%22text-align: justify;%22><span style=%22color: #000000;%22><\/span><\/p>\n<table border=%220px #ffffff%22 cellpadding=%220%22 cellspacing=%220%22 style=%22border: 0px #ffffff; height: 1049px; float: left; width: 321px;%22>\n<tbody>\n<tr style=%22border: 0px #ffffff; height: 29px;%22>\n<td style=%22border: 0px #ffffff; width: 321.015625px; height: 29px; text-align: center;%22 colspan=%222%22>\n<h1><b>PORNSTAR<\/b><\/h1>\n<\/td>\n<\/tr>\n<tr style=%22border: 0px #ffffff; height: 29px;%22>\n<td style=%22border: 0px #ffffff; width: 321.015625px; height: 29px; text-align: center;%22 colspan=%222%22>a film by Maxime Caperan and Thomas Finkielkraut<\/td>\n<\/tr>\n<tr style=%22border: 0px #ffffff; height: 29px;%22>\n<td style=%22border: 0px #ffffff; width: 321.015625px; height: 29px;%22 colspan=%222%22><\/td>\n<\/tr>\n<tr style=%22border: 0px #ffffff; height: 29px;%22>\n<td style=%22border: 0px #ffffff; width: 321.015625px; height: 29px; text-align: justify;%22 colspan=%222%22>\n<p>After several years out of the business, a former porn star decides to make her comeback at an erotic expo. But with issues in her personal life, a body that is no longer as fresh as it once was, and the profound changes in the industry, she is beset by doubts.<\/p>\n<\/p>\n<\/td>\n<\/tr>\n<tr border:=%22%22 0px=%22%22 ffffff=%22%22 height:=%22%22 53px=%22%22 style=%22height: 29px;%22>\n<td style=%22border: 0px #ffffff; width: 142.734375px; height: 29px; vertical-align: top;%22><strong>WITH<\/strong><\/td>\n<td style=%22border: 0px #ffffff; width: 178.28125px; height: 29px; vertical-align: top;%22>Emilie DELAUNAY<br \/>L\u00e9a ROUGERON<br \/>Nina LOPATA<br \/>Luc SCHWARZ<\/td>\n<\/tr>\n<tr style=%22border: 0px #ffffff; height: 29px;%22>\n<td style=%22border: 0px #ffffff; width: 142.734375px; height: 29px;%22><strong>SCREENPLAY<\/strong><\/td>\n<td style=%22border: 0px #ffffff; width: 178.28125px; height: 29px;%22>\n<div><span lang=%22EN-US%22>Maxime CAPERAN and Thomas FINKIELKRAUT<\/span><\/div>\n<\/td>\n<\/tr>\n<tr style=%22border: 0px #ffffff; height: 29px;%22>\n<td style=%22border: 0px #ffffff; width: 142.734375px; height: 29px;%22><strong>DoP<\/strong><\/td>\n<td style=%22border: 0px #ffffff; width: 178.28125px; height: 29px;%22>\n<div>Eva SEHET<\/div>\n<\/td>\n<\/tr>\n<tr style=%22border: 0px #ffffff; height: 27px;%22>\n<td style=%22border: 0px #ffffff; width: 142.734375px; height: 27px;%22><strong>SOUND<\/strong><\/td>\n<td style=%22border: 0px #ffffff; width: 178.28125px; height: 27px;%22>\n<div>Cl\u00e9ment DECAUDIN and Olivier VOISIN<\/div>\n<\/td>\n<\/tr>\n<tr style=%22border: 0px #ffffff; height: 29px;%22>\n<td style=%22border: 0px #ffffff; width: 142.734375px; height: 29px;%22><strong>EDITING<\/strong><\/td>\n<td style=%22border: 0px #ffffff; width: 178.28125px; height: 29px;%22>Alexandre DONOT<\/td>\n<\/tr>\n<tr style=%22border: 0px #ffffff; height: 29px;%22>\n<td style=%22border: 0px #ffffff; width: 142.734375px; height: 29px;%22><strong>ORIGINAL SCORE<\/strong><\/td>\n<td style=%22border: 0px #ffffff; width: 178.28125px; height: 29px;%22>\n<div>Nicolas VILLEBRUN<\/div>\n<\/td>\n<\/tr>\n<tr style=%22border: 0px #ffffff; height: 53px;%22>\n<td style=%22border: 0px #ffffff; width: 142.734375px; height: 53px; vertical-align: top;%22><strong>PARTNERS<\/strong><\/td>\n<td style=%22border: 0px #ffffff; width: 178.28125px; height: 53px; vertical-align: top;%22 class=\" translation-block\">With the participation of ARTE France and CNC Aide au programme de d\u00e9veloppement\n<br>With the support of R\u00c9GION GRAND-EST in partnership with CNC\n<br>With the support of PROCIREP and ANGOA<\/td>\n<\/tr>\n<tr style=%22border: 0px #ffffff; height: 29px;%22>\n<td style=%22border: 0px #ffffff; width: 142.734375px; height: 29px;%22><strong>LENGHT<\/strong><\/td>\n<td style=%22border: 0px #ffffff; width: 178.28125px; height: 29px;%22>15 minutes<\/td>\n<\/tr>\n<tr style=%22border: 0px #ffffff; height: 29px;%22>\n<td style=%22border: 0px #ffffff; width: 142.734375px; height: 29px;%22><strong>COMPLETION<\/strong><\/td>\n<td style=%22border: 0px #ffffff; width: 178.28125px; height: 29px;%22>March 2019<\/td>\n<\/tr>\n<tr style=%22border: 0px #ffffff; height: 29px;%22>\n<td style=%22border: 0px #ffffff; width: 142.734375px; height: 29px;%22><strong>VISA<\/strong><\/td>\n<td style=%22border: 0px #ffffff; width: 178.28125px; height: 29px;%22>1<span style=%22font-family: inherit; font-size: inherit;%22>49 788<\/span><\/td>\n<\/tr>\n<tr style=%22border: 0px #ffffff; height: 15px;%22>\n<td style=%22border: 0px #ffffff; width: 142.734375px; height: 15px; vertical-align: top;%22><strong>BROADCASTING<\/strong><\/td>\n<td style=%22border: 0px #ffffff; width: 178.28125px; height: 15px; vertical-align: top;%22>Arte France<\/td>\n<\/tr>\n<tr style=%22border: 0px #ffffff; height: 35.875px;%22>\n<td style=%22border: 0px #ffffff; width: 142.734375px; height: 35px; vertical-align: top;%22><strong>AWARDS AND SELECTIONS<\/strong><\/td>\n<td style=%22border: 0px #ffffff; width: 178.28125px; height: 35px; vertical-align: top;%22 class=\" translation-block\">-\tAnonimul International Independent Film Festival 2019, in competition<br>\n-\tBrest European Short Film Festival 2019, Le court d\u2019apr\u00e8s<br>\n-\tshnit Worldwide Shortfilmfestival 2019, international competition<br>\n-\tIzmir international short film festival, in competition<br>\n-\tLifft India Filmotsav \u2013 World Cine Fest 2019, in competition<br>\n-\tLago Film Fest 2020, in competition<br><\/td>\n<\/tr>\n<\/tbody>\n<\/table>\n<p><strong>       <\/strong><\/p>\n<p>\u00a0\u00bb content_last_edited=\u00a0\u00bbon|phone\u00a0\u00bb _builder_version=\u00a0\u00bb4.9.4&Prime; _module_preset=\u00a0\u00bbdefault\u00a0\u00bb text_text_color=\u00a0\u00bb#000000&Prime; background_color=\u00a0\u00bbrgba(0,0,0,0)\u00a0\u00bb transform_scale=\u00a0\u00bb96%|96%\u00a0\u00bb width=\u00a0\u00bb100%\u00a0\u00bb min_height=\u00a0\u00bb692px\u00a0\u00bb custom_margin=\u00a0\u00bb-35px||||false|false\u00a0\u00bb custom_margin_tablet=\u00a0\u00bb\u00a0\u00bb custom_margin_phone=\u00a0\u00bb-35px|||-10px|false|false\u00a0\u00bb custom_margin_last_edited=\u00a0\u00bbon|phone\u00a0\u00bb custom_padding=\u00a0\u00bb0px||0px||false|false\u00a0\u00bb border_color_all=\u00a0\u00bbrgba(0,0,0,0)\u00a0\u00bb border_style_all=\u00a0\u00bbnone\u00a0\u00bb]<\/p>\n<p style=\"text-align: justify;\"><span style=\"color: #000000;\"><\/span><\/p>\n<table border=\"0px #ffffff\" cellpadding=\"0\" cellspacing=\"0\" style=\"border: 0px #ffffff; height: 370px; float: left; width: 625px;\">\n<tbody>\n<tr style=\"border: 0px #ffffff; height: 29px;\">\n<td style=\"border: 0px #ffffff; width: 625.015625px; height: 29px; text-align: center;\" colspan=\"2\">\n<h1><b>PORNSTAR<\/b><\/h1>\n<\/td>\n<\/tr>\n<tr style=\"border: 0px #ffffff; height: 29px;\">\n<td style=\"border: 0px #ffffff; width: 625.015625px; height: 29px; text-align: center;\" colspan=\"2\">a film by Maxime Caperan and Thomas Finkielkraut<\/td>\n<\/tr>\n<tr style=\"border: 0px #ffffff; height: 29px;\">\n<td style=\"border: 0px #ffffff; width: 625.015625px; height: 29px;\" colspan=\"2\"><\/td>\n<\/tr>\n<tr style=\"border: 0px #ffffff; height: 29px;\">\n<td style=\"border: 0px #ffffff; width: 625.015625px; height: 29px; text-align: justify;\" colspan=\"2\">\n<p>After several years out of the business, a former porn star decides to make her comeback at an erotic expo. But with issues in her personal life, a body that is no longer as fresh as it once was, and the profound changes in the industry, she is beset by doubts.<\/p>\n<p>&nbsp;<\/p>\n<\/td>\n<\/tr>\n<tr border:=\"\" 0px=\"\" ffffff=\"\" height:=\"\" 53px=\"\" style=\"height: 29px;\">\n<td style=\"border: 0px #ffffff; width: 211.171875px; height: 29px; vertical-align: top;\"><strong>WITH<\/strong><\/td>\n<td style=\"border: 0px #ffffff; width: 413.84375px; height: 29px; vertical-align: top;\">Emilie DELAUNAY<br \/>L\u00e9a ROUGERON<br \/>Nina LOPATA<br \/>Luc SCHWARZ<\/td>\n<\/tr>\n<tr style=\"border: 0px #ffffff; height: 29px;\">\n<td style=\"border: 0px #ffffff; width: 209.46875px; height: 29px;\"><strong>SCREENPLAY<\/strong><\/td>\n<td style=\"border: 0px #ffffff; width: 410.53125px; height: 29px;\">\n<div><span lang=\"EN-US\">Maxime CAPERAN and Thomas FINKIELKRAUT<\/span><\/div>\n<\/td>\n<\/tr>\n<tr style=\"border: 0px #ffffff; height: 29px;\">\n<td style=\"border: 0px #ffffff; width: 209.46875px; height: 29px;\"><strong>DoP<\/strong><\/td>\n<td style=\"border: 0px #ffffff; width: 410.53125px; height: 29px;\">\n<div>Eva SEHET<\/div>\n<\/td>\n<\/tr>\n<tr style=\"border: 0px #ffffff; height: 27px;\">\n<td style=\"border: 0px #ffffff; width: 209.46875px; height: 27px;\"><strong>SOUND<\/strong><\/td>\n<td style=\"border: 0px #ffffff; width: 410.53125px; height: 27px;\">\n<div>Cl\u00e9ment DECAUDIN and Olivier VOISIN<\/div>\n<\/td>\n<\/tr>\n<tr style=\"border: 0px #ffffff; height: 29px;\">\n<td style=\"border: 0px #ffffff; width: 209.46875px; height: 29px;\"><strong>EDITING<\/strong><\/td>\n<td style=\"border: 0px #ffffff; width: 410.53125px; height: 29px;\">Alexandre DONOT<\/td>\n<\/tr>\n<tr style=\"border: 0px #ffffff; height: 29px;\">\n<td style=\"border: 0px #ffffff; width: 209.46875px; height: 29px;\"><strong>ORIGINAL SCORE<\/strong><\/td>\n<td style=\"border: 0px #ffffff; width: 410.53125px; height: 29px;\">\n<div>Nicolas VILLEBRUN<\/div>\n<\/td>\n<\/tr>\n<tr style=\"border: 0px #ffffff; height: 53px;\">\n<td style=\"border: 0px #ffffff; width: 209.46875px; height: 53px; vertical-align: top;\"><strong>PARTNERS<\/strong><\/td>\n<td style=\"border: 0px #ffffff; width: 410.53125px; height: 53px; vertical-align: top;\" class=\" translation-block\">With the participation of ARTE France and CNC Aide au programme de d\u00e9veloppement\n<br>With the support of R\u00c9GION GRAND-EST in partnership with CNC\n<br>With the support of PROCIREP and ANGOA<\/td>\n<\/tr>\n<tr style=\"border: 0px #ffffff; height: 29px;\">\n<td style=\"border: 0px #ffffff; width: 209.46875px; height: 29px;\"><strong>LENGHT<\/strong><\/td>\n<td style=\"border: 0px #ffffff; width: 410.53125px; height: 29px;\">15 minutes<\/td>\n<\/tr>\n<tr style=\"border: 0px #ffffff; height: 29px;\">\n<td style=\"border: 0px #ffffff; width: 209.46875px; height: 29px;\"><strong>COMPLETION<\/strong><\/td>\n<td style=\"border: 0px #ffffff; width: 410.53125px; height: 29px;\">March 2019<\/td>\n<\/tr>\n<tr style=\"border: 0px #ffffff; height: 29px;\">\n<td style=\"border: 0px #ffffff; width: 209.46875px; height: 29px;\"><strong>VISA<\/strong><\/td>\n<td style=\"border: 0px #ffffff; width: 410.53125px; height: 29px;\">1<span style=\"font-family: inherit; font-size: inherit;\">49 788<\/span><\/td>\n<\/tr>\n<tr style=\"border: 0px #ffffff; height: 15px;\">\n<td style=\"border: 0px #ffffff; width: 209.46875px; height: 15px; vertical-align: top;\"><strong>BROADCASTING<\/strong><\/td>\n<td style=\"border: 0px #ffffff; width: 410.53125px; height: 15px; vertical-align: top;\">Arte France<\/td>\n<\/tr>\n<tr style=\"border: 0px #ffffff; height: 35.875px;\">\n<td style=\"border: 0px #ffffff; width: 209.46875px; height: 35.875px; vertical-align: top;\"><strong>AWARDS AND SELECTIONS<\/strong><\/td>\n<td style=\"border: 0px #ffffff; width: 410.53125px; height: 35.875px; vertical-align: top;\">\n<p>Anonimul International Independent Film Festival 2019, in competition<br \/>Brest European Short Film Festival 2019, Le court d\u2019apr\u00e8s<br \/>shnit Worldwide Shortfilmfestival 2019, international competition<br \/>Izmir international short film festival, in competition<br \/>Lifft India Filmotsav \u2013 World Cine Fest 2019, in competition<br \/>Girona Film Festival 2020, en comp\u00e9tition<br \/>Lago Film Fest 2020, in competition<\/p>\n<\/td>\n<\/tr>\n<\/tbody>\n<\/table>\n<p><strong>\u00a0 \u00a0 \u00a0 \u00a0<\/strong><\/p>\n<p>[\/et_pb_text][\/et_pb_column][\/et_pb_row][et_pb_row _builder_version=\u00a0\u00bb4.7.3&Prime; _module_preset=\u00a0\u00bbdefault\u00a0\u00bb][et_pb_column type=\u00a0\u00bb4_4&Prime; _builder_version=\u00a0\u00bb4.7.3&Prime; _module_preset=\u00a0\u00bbdefault\u00a0\u00bb][et_pb_video src=\u00a0\u00bbhttps:\/\/vimeo.com\/ondemand\/pornstar\u00a0\u00bb _builder_version=\u00a0\u00bb4.7.3&Prime; _module_preset=\u00a0\u00bbdefault\u00a0\u00bb custom_margin=\u00a0\u00bb-47px|||||\u00a0\u00bb src__hover_enabled=\u00a0\u00bbon|desktop\u00a0\u00bb][\/et_pb_video][\/et_pb_column][\/et_pb_row][\/et_pb_section]<\/p>","protected":false},"excerpt":{"rendered":"<p>[et_pb_section fb_built=\u00a0\u00bb1&Prime; _builder_version=\u00a0\u00bb4.7.3&Prime; _module_preset=\u00a0\u00bbdefault\u00a0\u00bb min_height=\u00a0\u00bb611px\u00a0\u00bb custom_padding=\u00a0\u00bb76px||76px||false|\u00a0\u00bb da_disable_devices=\u00a0\u00bboff|off|off\u00a0\u00bb da_is_popup=\u00a0\u00bboff\u00a0\u00bb da_exit_intent=\u00a0\u00bboff\u00a0\u00bb da_has_close=\u00a0\u00bbon\u00a0\u00bb da_alt_close=\u00a0\u00bboff\u00a0\u00bb da_dark_close=\u00a0\u00bboff\u00a0\u00bb da_not_modal=\u00a0\u00bbon\u00a0\u00bb da_is_singular=\u00a0\u00bboff\u00a0\u00bb da_with_loader=\u00a0\u00bboff\u00a0\u00bb da_has_shadow=\u00a0\u00bbon\u00a0\u00bb][et_pb_row column_structure=\u00a0\u00bb2_5,3_5&Prime; _builder_version=\u00a0\u00bb4.7.3&Prime; _module_preset=\u00a0\u00bbdefault\u00a0\u00bb custom_margin=\u00a0\u00bb-5px|auto||auto||\u00a0\u00bb custom_padding=\u00a0\u00bb9px||0px|||\u00a0\u00bb][et_pb_column type=\u00a0\u00bb2_5&Prime; _builder_version=\u00a0\u00bb4.7.3&Prime; _module_preset=\u00a0\u00bbdefault\u00a0\u00bb][et_pb_button button_url=\u00a0\u00bbhttps:\/\/lesfilmsduclan.com\u00a0\u00bb button_text=\u00a0\u00bbRetour\u00a0\u00bb _builder_version=\u00a0\u00bb4.9.4&Prime; _module_preset=\u00a0\u00bbdefault\u00a0\u00bb custom_button=\u00a0\u00bbon\u00a0\u00bb button_text_size=\u00a0\u00bb12px\u00a0\u00bb button_text_color=\u00a0\u00bb#cbbb9d\u00a0\u00bb button_bg_color=\u00a0\u00bbrgba(0,0,0,0)\u00a0\u00bb button_border_color=\u00a0\u00bbrgba(0,0,0,0)\u00a0\u00bb button_border_radius=\u00a0\u00bb4px\u00a0\u00bb button_letter_spacing=\u00a0\u00bb0px\u00a0\u00bb button_font=\u00a0\u00bb|600|||||||\u00a0\u00bb button_icon=\u00a0\u00bb%%23%%\u00a0\u00bb button_icon_color=\u00a0\u00bb#cbbb9d\u00a0\u00bb button_icon_placement=\u00a0\u00bbleft\u00a0\u00bb background_layout=\u00a0\u00bbdark\u00a0\u00bb custom_margin=\u00a0\u00bb-77px||||false|false\u00a0\u00bb custom_padding=\u00a0\u00bb22px||8px||false|false\u00a0\u00bb button_font_tablet=\u00a0\u00bb\u00a0\u00bb button_font_phone=\u00a0\u00bb\u00a0\u00bb button_font_last_edited=\u00a0\u00bbon|desktop\u00a0\u00bb button_text_color__hover_enabled=\u00a0\u00bboff|desktop\u00a0\u00bb button_bg_color__hover_enabled=\u00a0\u00bbon|desktop\u00a0\u00bb button_bg_color__hover=\u00a0\u00bbrgba(0,0,0,0)\u00a0\u00bb button_bg_enable_color__hover=\u00a0\u00bbon\u00a0\u00bb button_text_size__hover_enabled=\u00a0\u00bbon|desktop\u00a0\u00bb][\/et_pb_button][et_pb_image src=\u00a0\u00bbhttps:\/\/lesfilmsduclan.com\/wp-content\/uploads\/2021\/01\/Affiche-PORNSTAR-Web-FINAL.jpg\u00a0\u00bb alt=\u00a0\u00bbULYSSE DOIT PARTIR\u00a0\u00bb title_text=\u00a0\u00bbAffiche [&hellip;]<\/p>","protected":false},"author":1,"featured_media":0,"parent":0,"menu_order":0,"comment_status":"closed","ping_status":"closed","template":"","meta":{"_et_pb_use_builder":"on","_et_pb_old_content":"","_et_gb_content_width":""},"yoast_head":"<!-- This site is optimized with the Yoast SEO plugin v16.1.1 - https:\/\/yoast.com\/wordpress\/plugins\/seo\/ -->\n<title>PORNSTAR - Les films du clan<\/title>\n<meta name=\"description\" content=\"Apr\u00e8s plusieurs ann\u00e9es d&#039;absence, une ancienne star du X d\u00e9cide de faire son come-back lors d&#039;un salon de l&#039;\u00e9rotisme. Mais entre l\u2019\u00e9chec de sa vie personnelle, un corps qui n\u2019est plus celui de sa jeunesse et les changements profonds qui ont touch\u00e9 le milieu, les doutes l\u2019assaillent.\" \/>\n<link rel=\"canonical\" href=\"https:\/\/lesfilmsduclan.com\/en\/pornstar\/\" \/>\n<meta property=\"og:locale\" content=\"en_GB\" \/>\n<meta property=\"og:type\" content=\"article\" \/>\n<meta property=\"og:title\" content=\"PORNSTAR - Les films du clan\" \/>\n<meta property=\"og:description\" content=\"Apr\u00e8s plusieurs ann\u00e9es d&#039;absence, une ancienne star du X d\u00e9cide de faire son come-back lors d&#039;un salon de l&#039;\u00e9rotisme. Mais entre l\u2019\u00e9chec de sa vie personnelle, un corps qui n\u2019est plus celui de sa jeunesse et les changements profonds qui ont touch\u00e9 le milieu, les doutes l\u2019assaillent.\" \/>\n<meta property=\"og:url\" content=\"https:\/\/lesfilmsduclan.com\/en\/pornstar\/\" \/>\n<meta property=\"og:site_name\" content=\"Les films du clan\" \/>\n<meta property=\"article:modified_time\" content=\"2024-03-11T15:56:26+00:00\" \/>\n<meta name=\"twitter:label1\" content=\"Estimated reading time\">\n\t<meta name=\"twitter:data1\" content=\"2 minutes\">\n<script type=\"application\/ld+json\" class=\"yoast-schema-graph\">{\"@context\":\"https:\/\/schema.org\",\"@graph\":[{\"@type\":\"WebSite\",\"@id\":\"https:\/\/lesfilmsduclan.com\/#website\",\"url\":\"https:\/\/lesfilmsduclan.com\/\",\"name\":\"Les films du clan\",\"description\":\"Les films du clan est une soci\\u00e9t\\u00e9 de production ind\\u00e9pendante cr\\u00e9\\u00e9e en 2010 par Charles Philippe et Lucile Ric\",\"potentialAction\":[{\"@type\":\"SearchAction\",\"target\":\"https:\/\/lesfilmsduclan.com\/?s={search_term_string}\",\"query-input\":\"required name=search_term_string\"}],\"inLanguage\":\"en-GB\"},{\"@type\":\"WebPage\",\"@id\":\"https:\/\/lesfilmsduclan.com\/pornstar\/#webpage\",\"url\":\"https:\/\/lesfilmsduclan.com\/pornstar\/\",\"name\":\"PORNSTAR - Les films du clan\",\"isPartOf\":{\"@id\":\"https:\/\/lesfilmsduclan.com\/#website\"},\"datePublished\":\"2021-03-19T15:43:14+00:00\",\"dateModified\":\"2024-03-11T15:56:26+00:00\",\"description\":\"Apr\\u00e8s plusieurs ann\\u00e9es d'absence, une ancienne star du X d\\u00e9cide de faire son come-back lors d'un salon de l'\\u00e9rotisme. Mais entre l\\u2019\\u00e9chec de sa vie personnelle, un corps qui n\\u2019est plus celui de sa jeunesse et les changements profonds qui ont touch\\u00e9 le milieu, les doutes l\\u2019assaillent.\",\"breadcrumb\":{\"@id\":\"https:\/\/lesfilmsduclan.com\/pornstar\/#breadcrumb\"},\"inLanguage\":\"en-GB\",\"potentialAction\":[{\"@type\":\"ReadAction\",\"target\":[\"https:\/\/lesfilmsduclan.com\/pornstar\/\"]}]},{\"@type\":\"BreadcrumbList\",\"@id\":\"https:\/\/lesfilmsduclan.com\/pornstar\/#breadcrumb\",\"itemListElement\":[{\"@type\":\"ListItem\",\"position\":1,\"item\":{\"@type\":\"WebPage\",\"@id\":\"https:\/\/lesfilmsduclan.com\/pornstar\/\",\"url\":\"https:\/\/lesfilmsduclan.com\/pornstar\/\",\"name\":\"PORNSTAR\"}}]}]}<\/script>\n<!-- \/ Yoast SEO plugin. -->","_links":{"self":[{"href":"https:\/\/lesfilmsduclan.com\/en\/wp-json\/wp\/v2\/pages\/214237"}],"collection":[{"href":"https:\/\/lesfilmsduclan.com\/en\/wp-json\/wp\/v2\/pages"}],"about":[{"href":"https:\/\/lesfilmsduclan.com\/en\/wp-json\/wp\/v2\/types\/page"}],"author":[{"embeddable":true,"href":"https:\/\/lesfilmsduclan.com\/en\/wp-json\/wp\/v2\/users\/1"}],"replies":[{"embeddable":true,"href":"https:\/\/lesfilmsduclan.com\/en\/wp-json\/wp\/v2\/comments?post=214237"}],"version-history":[{"count":20,"href":"https:\/\/lesfilmsduclan.com\/en\/wp-json\/wp\/v2\/pages\/214237\/revisions"}],"predecessor-version":[{"id":215466,"href":"https:\/\/lesfilmsduclan.com\/en\/wp-json\/wp\/v2\/pages\/214237\/revisions\/215466"}],"wp:attachment":[{"href":"https:\/\/lesfilmsduclan.com\/en\/wp-json\/wp\/v2\/media?parent=214237"}],"curies":[{"name":"wp","href":"https:\/\/api.w.org\/{rel}","templated":true}]}}